{"id":7206,"date":"2026-02-24T18:14:17","date_gmt":"2026-02-24T21:14:17","guid":{"rendered":"https:\/\/www.positivosmais.com\/it-asset-management\/"},"modified":"2026-03-25T14:51:13","modified_gmt":"2026-03-25T17:51:13","slug":"it-asset-management","status":"publish","type":"page","link":"https:\/\/www.positivosmais.com\/es\/digital-workplace\/digital-employee-experience-dex\/it-asset-management\/","title":{"rendered":"IT Asset Management"},"content":{"rendered":"\t\t<div data-elementor-type=\"wp-page\" data-elementor-id=\"7206\" class=\"elementor elementor-7206 elementor-6444\" data-elementor-post-type=\"page\">\n\t\t\t\t<div class=\"elementor-element elementor-element-d5a3b5f e-flex e-con-boxed e-con e-parent\" data-id=\"d5a3b5f\" data-element_type=\"container\" data-e-type=\"container\" data-settings=\"{&quot;jet_parallax_layout_list&quot;:[]}\">\n\t\t\t\t\t<div class=\"e-con-inner\">\n\t\t\t\t<div class=\"elementor-element elementor-element-5515914 elementor-widget__width-initial elementor-widget elementor-widget-heading\" data-id=\"5515914\" data-element_type=\"widget\" data-e-type=\"widget\" data-widget_type=\"heading.default\">\n\t\t\t\t<div class=\"elementor-widget-container\">\n\t\t\t\t\t<h2 class=\"elementor-heading-title elementor-size-default\">Gesti\u00f3n inteligente y segura de los activos inform\u00e1ticos de su empresa.<\/h2>\t\t\t\t<\/div>\n\t\t\t\t<\/div>\n\t\t\t\t<div class=\"elementor-element elementor-element-11b80f2 elementor-widget elementor-widget-heading\" data-id=\"11b80f2\" data-element_type=\"widget\" data-e-type=\"widget\" data-widget_type=\"heading.default\">\n\t\t\t\t<div class=\"elementor-widget-container\">\n\t\t\t\t\t<h1 class=\"elementor-heading-title elementor-size-default\">IT Asset Management<\/h1>\t\t\t\t<\/div>\n\t\t\t\t<\/div>\n\t\t\t\t\t<\/div>\n\t\t\t\t<\/div>\n\t\t<div class=\"elementor-element elementor-element-aa54731 e-flex e-con-boxed e-con e-parent\" data-id=\"aa54731\" data-element_type=\"container\" data-e-type=\"container\" data-settings=\"{&quot;background_background&quot;:&quot;classic&quot;,&quot;jet_parallax_layout_list&quot;:[]}\">\n\t\t\t\t\t<div class=\"e-con-inner\">\n\t\t<div class=\"elementor-element elementor-element-589cf2b e-con-full e-flex e-con e-child\" data-id=\"589cf2b\" data-element_type=\"container\" data-e-type=\"container\" data-settings=\"{&quot;background_background&quot;:&quot;classic&quot;,&quot;jet_parallax_layout_list&quot;:[]}\">\n\t\t<div class=\"elementor-element elementor-element-0b39c2c e-con-full e-flex e-con e-child\" data-id=\"0b39c2c\" data-element_type=\"container\" data-e-type=\"container\" data-settings=\"{&quot;jet_parallax_layout_list&quot;:[]}\">\n\t\t\t\t<div class=\"elementor-element elementor-element-c1fce9a elementor-widget elementor-widget-image\" data-id=\"c1fce9a\" data-element_type=\"widget\" data-e-type=\"widget\" data-widget_type=\"image.default\">\n\t\t\t\t<div class=\"elementor-widget-container\">\n\t\t\t\t\t\t\t\t\t\t\t\t\t\t\t<img fetchpriority=\"high\" decoding=\"async\" width=\"800\" height=\"438\" src=\"https:\/\/www.positivosmais.com\/wp-content\/uploads\/2026\/02\/it-asset-management-1024x561.png\" class=\"attachment-large size-large wp-image-6449\" alt=\"\" srcset=\"https:\/\/www.positivosmais.com\/wp-content\/uploads\/2026\/02\/it-asset-management-1024x561.png 1024w, https:\/\/www.positivosmais.com\/wp-content\/uploads\/2026\/02\/it-asset-management-300x164.png 300w, https:\/\/www.positivosmais.com\/wp-content\/uploads\/2026\/02\/it-asset-management-768x421.png 768w, https:\/\/www.positivosmais.com\/wp-content\/uploads\/2026\/02\/it-asset-management.png 1273w\" sizes=\"(max-width: 800px) 100vw, 800px\" \/>\t\t\t\t\t\t\t\t\t\t\t\t\t\t\t<\/div>\n\t\t\t\t<\/div>\n\t\t\t\t<\/div>\n\t\t<div class=\"elementor-element elementor-element-31c3851 e-con-full e-flex e-con e-child\" data-id=\"31c3851\" data-element_type=\"container\" data-e-type=\"container\" data-settings=\"{&quot;jet_parallax_layout_list&quot;:[]}\">\n\t\t\t\t<div class=\"elementor-element elementor-element-d14bbe2 elementor-widget elementor-widget-heading\" data-id=\"d14bbe2\" data-element_type=\"widget\" data-e-type=\"widget\" data-widget_type=\"heading.default\">\n\t\t\t\t<div class=\"elementor-widget-container\">\n\t\t\t\t\t<h2 class=\"elementor-heading-title elementor-size-default\">IT Asset Management<\/h2>\t\t\t\t<\/div>\n\t\t\t\t<\/div>\n\t\t\t\t<div class=\"elementor-element elementor-element-b70a4aa elementor-widget elementor-widget-text-editor\" data-id=\"b70a4aa\" data-element_type=\"widget\" data-e-type=\"widget\" data-widget_type=\"text-editor.default\">\n\t\t\t\t<div class=\"elementor-widget-container\">\n\t\t\t\t\t\t\t\t\t<p>Para nosotros, la <strong>gesti\u00f3n de activos de TI<\/strong> act\u00faa como el motor invisible que sustenta una excelente experiencia digital para los empleados (DEX).<\/p>\t\t\t\t\t\t\t\t<\/div>\n\t\t\t\t<\/div>\n\t\t\t\t<\/div>\n\t\t\t\t<\/div>\n\t\t\t\t\t<\/div>\n\t\t\t\t<\/div>\n\t\t<div class=\"elementor-element elementor-element-c4dbc2e e-flex e-con-boxed e-con e-parent\" data-id=\"c4dbc2e\" data-element_type=\"container\" data-e-type=\"container\" data-settings=\"{&quot;background_background&quot;:&quot;classic&quot;,&quot;jet_parallax_layout_list&quot;:[]}\">\n\t\t\t\t\t<div class=\"e-con-inner\">\n\t\t<div class=\"elementor-element elementor-element-a3ce7cb e-con-full e-flex e-con e-child\" data-id=\"a3ce7cb\" data-element_type=\"container\" data-e-type=\"container\" data-settings=\"{&quot;jet_parallax_layout_list&quot;:[]}\">\n\t\t<div class=\"elementor-element elementor-element-38b3cef e-con-full e-flex e-con e-child\" data-id=\"38b3cef\" data-element_type=\"container\" data-e-type=\"container\" data-settings=\"{&quot;jet_parallax_layout_list&quot;:[]}\">\n\t\t\t\t<div class=\"elementor-element elementor-element-d7647e7 elementor-widget elementor-widget-text-editor\" data-id=\"d7647e7\" data-element_type=\"widget\" data-e-type=\"widget\" data-widget_type=\"text-editor.default\">\n\t\t\t\t<div class=\"elementor-widget-container\">\n\t\t\t\t\t\t\t\t\t<p>Al garantizar que los dispositivos y las licencias est\u00e9n siempre actualizados y funcionando a pleno rendimiento, eliminamos los obst\u00e1culos que perjudican la productividad y el compromiso.<\/p><p>Por lo tanto, la gesti\u00f3n integrada de hardware y software transforma la infraestructura en un motor de resultados, asegurando que cada inversi\u00f3n tecnol\u00f3gica est\u00e9 alineada con los objetivos de negocio.<\/p><p>La <strong>soluci\u00f3n de Gesti\u00f3n de Activos de TI<\/strong> ofrece una gesti\u00f3n completa de port\u00e1tiles, ordenadores de sobremesa, tabletas, smartphones y licencias de software. Cada activo puede configurarse, supervisarse, actualizarse y recibir soporte de forma automatizada y estandarizada durante todo su ciclo de vida.<\/p><p>Es la inteligencia que protege el flujo de trabajo de los equipos, convirtiendo la visibilidad t\u00e9cnica en valor real y duradero para la empresa.<\/p>\t\t\t\t\t\t\t\t<\/div>\n\t\t\t\t<\/div>\n\t\t<div class=\"elementor-element elementor-element-ab3a60b e-con-full e-flex e-con e-child\" data-id=\"ab3a60b\" data-element_type=\"container\" data-e-type=\"container\" data-settings=\"{&quot;jet_parallax_layout_list&quot;:[]}\">\n\t\t\t\t<div class=\"elementor-element elementor-element-7a2d37d elementor-widget__width-initial elementor-widget elementor-widget-heading\" data-id=\"7a2d37d\" data-element_type=\"widget\" data-e-type=\"widget\" data-widget_type=\"heading.default\">\n\t\t\t\t<div class=\"elementor-widget-container\">\n\t\t\t\t\t<h2 class=\"elementor-heading-title elementor-size-default\">Un valor a\u00f1adido para la gesti\u00f3n de activos.<\/h2>\t\t\t\t<\/div>\n\t\t\t\t<\/div>\n\t\t<div class=\"elementor-element elementor-element-c4a4a5e e-con-full e-flex e-con e-child\" data-id=\"c4a4a5e\" data-element_type=\"container\" data-e-type=\"container\" data-settings=\"{&quot;jet_parallax_layout_list&quot;:[]}\">\n\t\t<div class=\"elementor-element elementor-element-3564815 e-con-full e-flex e-con e-child\" data-id=\"3564815\" data-element_type=\"container\" data-e-type=\"container\" data-settings=\"{&quot;jet_parallax_layout_list&quot;:[]}\">\n\t\t\t\t<div class=\"elementor-element elementor-element-1ff97b4 elementor-widget elementor-widget-text-editor\" data-id=\"1ff97b4\" data-element_type=\"widget\" data-e-type=\"widget\" data-widget_type=\"text-editor.default\">\n\t\t\t\t<div class=\"elementor-widget-container\">\n\t\t\t\t\t\t\t\t\t<p>Al integrar los datos de inventario con las IA m\u00f3viles (mAIs\u2122), la gesti\u00f3n de activos de TI proporciona informaci\u00f3n en tiempo real para una toma de decisiones \u00e1gil e informada.<\/p><p>Este enfoque permite anticipar las necesidades de reemplazo y automatizar las soluciones en origen, garantizando que la tecnolog\u00eda beneficie a las personas.<\/p><p>El resultado es una operaci\u00f3n eficiente y segura, centrada en ofrecer una experiencia digital fluida, donde las personas prosperan y el negocio crece con confianza.<\/p>\t\t\t\t\t\t\t\t<\/div>\n\t\t\t\t<\/div>\n\t\t\t\t<\/div>\n\t\t<div class=\"elementor-element elementor-element-3f897e5 e-con-full e-flex e-con e-child\" data-id=\"3f897e5\" data-element_type=\"container\" data-e-type=\"container\" data-settings=\"{&quot;jet_parallax_layout_list&quot;:[]}\">\n\t\t\t\t<div class=\"elementor-element elementor-element-a81d94f elementor-widget elementor-widget-image\" data-id=\"a81d94f\" data-element_type=\"widget\" data-e-type=\"widget\" data-widget_type=\"image.default\">\n\t\t\t\t<div class=\"elementor-widget-container\">\n\t\t\t\t\t\t\t\t\t\t\t\t\t\t\t<img decoding=\"async\" width=\"1\" height=\"1\" src=\"https:\/\/www.positivosmais.com\/wp-content\/uploads\/2026\/02\/LOGO-PREFERENCIAL-1.svg\" class=\"attachment-large size-large wp-image-6318\" alt=\"\" \/>\t\t\t\t\t\t\t\t\t\t\t\t\t\t\t<\/div>\n\t\t\t\t<\/div>\n\t\t\t\t<div class=\"elementor-element elementor-element-1f6ef27 elementor-widget elementor-widget-text-editor\" data-id=\"1f6ef27\" data-element_type=\"widget\" data-e-type=\"widget\" data-widget_type=\"text-editor.default\">\n\t\t\t\t<div class=\"elementor-widget-container\">\n\t\t\t\t\t\t\t\t\tModular AI Suite\t\t\t\t\t\t\t\t<\/div>\n\t\t\t\t<\/div>\n\t\t\t\t<\/div>\n\t\t\t\t<\/div>\n\t\t\t\t<\/div>\n\t\t\t\t<div class=\"elementor-element elementor-element-0d49425 elementor-widget elementor-widget-image\" data-id=\"0d49425\" data-element_type=\"widget\" data-e-type=\"widget\" data-widget_type=\"image.default\">\n\t\t\t\t<div class=\"elementor-widget-container\">\n\t\t\t\t\t\t\t\t\t\t\t\t\t\t\t<img decoding=\"async\" width=\"800\" height=\"465\" src=\"https:\/\/www.positivosmais.com\/wp-content\/uploads\/2026\/03\/IT-Asset-Management.png.png\" class=\"attachment-large size-large wp-image-7477\" alt=\"\" srcset=\"https:\/\/www.positivosmais.com\/wp-content\/uploads\/2026\/03\/IT-Asset-Management.png.png 960w, https:\/\/www.positivosmais.com\/wp-content\/uploads\/2026\/03\/IT-Asset-Management.png-300x174.png 300w, https:\/\/www.positivosmais.com\/wp-content\/uploads\/2026\/03\/IT-Asset-Management.png-768x446.png 768w\" sizes=\"(max-width: 800px) 100vw, 800px\" \/>\t\t\t\t\t\t\t\t\t\t\t\t\t\t\t<\/div>\n\t\t\t\t<\/div>\n\t\t\t\t<\/div>\n\t\t\t\t<\/div>\n\t\t\t\t\t<\/div>\n\t\t\t\t<\/div>\n\t\t<div class=\"elementor-element elementor-element-b0185c8 e-flex e-con-boxed e-con e-parent\" data-id=\"b0185c8\" data-element_type=\"container\" data-e-type=\"container\" data-settings=\"{&quot;background_background&quot;:&quot;classic&quot;,&quot;jet_parallax_layout_list&quot;:[]}\">\n\t\t\t\t\t<div class=\"e-con-inner\">\n\t\t<div class=\"elementor-element elementor-element-efc4054 e-con-full e-flex e-con e-child\" data-id=\"efc4054\" data-element_type=\"container\" data-e-type=\"container\" data-settings=\"{&quot;jet_parallax_layout_list&quot;:[]}\">\n\t\t<div class=\"elementor-element elementor-element-8ebbc0a e-con-full e-flex e-con e-child\" data-id=\"8ebbc0a\" data-element_type=\"container\" data-e-type=\"container\" data-settings=\"{&quot;jet_parallax_layout_list&quot;:[]}\">\n\t\t\t\t<div class=\"elementor-element elementor-element-cd5e9be elementor-widget elementor-widget-heading\" data-id=\"cd5e9be\" data-element_type=\"widget\" data-e-type=\"widget\" data-widget_type=\"heading.default\">\n\t\t\t\t<div class=\"elementor-widget-container\">\n\t\t\t\t\t<h2 class=\"elementor-heading-title elementor-size-default\">Mayor control para el departamento de TI. Mayor eficiencia para toda la empresa.<\/h2>\t\t\t\t<\/div>\n\t\t\t\t<\/div>\n\t\t\t\t<div class=\"elementor-element elementor-element-1004c9a elementor-widget elementor-widget-text-editor\" data-id=\"1004c9a\" data-element_type=\"widget\" data-e-type=\"widget\" data-widget_type=\"text-editor.default\">\n\t\t\t\t<div class=\"elementor-widget-container\">\n\t\t\t\t\t\t\t\t\t<p>Principales beneficios<\/p>\t\t\t\t\t\t\t\t<\/div>\n\t\t\t\t<\/div>\n\t\t\t\t<\/div>\n\t\t\t\t<\/div>\n\t\t<div class=\"elementor-element elementor-element-72afabd e-con-full e-flex e-con e-child\" data-id=\"72afabd\" data-element_type=\"container\" data-e-type=\"container\" data-settings=\"{&quot;jet_parallax_layout_list&quot;:[]}\">\n\t\t<div class=\"elementor-element elementor-element-66d1f63 e-con-full e-flex e-con e-child\" data-id=\"66d1f63\" data-element_type=\"container\" data-e-type=\"container\" data-settings=\"{&quot;jet_parallax_layout_list&quot;:[]}\">\n\t\t<div class=\"elementor-element elementor-element-9b961a5 e-con-full e-flex e-con e-child\" data-id=\"9b961a5\" data-element_type=\"container\" data-e-type=\"container\" data-settings=\"{&quot;jet_parallax_layout_list&quot;:[]}\">\n\t\t<div class=\"elementor-element elementor-element-3bfed5e e-con-full e-flex e-con e-child\" data-id=\"3bfed5e\" data-element_type=\"container\" data-e-type=\"container\" data-settings=\"{&quot;jet_parallax_layout_list&quot;:[]}\">\n\t\t\t\t<div class=\"elementor-element elementor-element-10cfd71 elementor-widget elementor-widget-image\" data-id=\"10cfd71\" data-element_type=\"widget\" data-e-type=\"widget\" data-widget_type=\"image.default\">\n\t\t\t\t<div class=\"elementor-widget-container\">\n\t\t\t\t\t\t\t\t\t\t\t\t\t\t\t<img loading=\"lazy\" decoding=\"async\" width=\"37\" height=\"35\" src=\"https:\/\/www.positivosmais.com\/wp-content\/uploads\/2024\/12\/icon-cloud-bcm-03-1.svg\" class=\"attachment-large size-large wp-image-2565\" alt=\"\" \/>\t\t\t\t\t\t\t\t\t\t\t\t\t\t\t<\/div>\n\t\t\t\t<\/div>\n\t\t\t\t<div class=\"elementor-element elementor-element-fb062fa elementor-widget elementor-widget-heading\" data-id=\"fb062fa\" data-element_type=\"widget\" data-e-type=\"widget\" data-widget_type=\"heading.default\">\n\t\t\t\t<div class=\"elementor-widget-container\">\n\t\t\t\t\t<h4 class=\"elementor-heading-title elementor-size-default\">Reducci\u00f3n de los costes operativos<\/h4>\t\t\t\t<\/div>\n\t\t\t\t<\/div>\n\t\t\t\t<div class=\"elementor-element elementor-element-6cba409 elementor-widget elementor-widget-text-editor\" data-id=\"6cba409\" data-element_type=\"widget\" data-e-type=\"widget\" data-widget_type=\"text-editor.default\">\n\t\t\t\t<div class=\"elementor-widget-container\">\n\t\t\t\t\t\t\t\t\t<p>Permite una dr\u00e1stica reducci\u00f3n de gastos al identificar activos inactivos o subutilizados, as\u00ed como evitar inversiones innecesarias en la adquisici\u00f3n de nuevos equipos y licencias.<\/p>\t\t\t\t\t\t\t\t<\/div>\n\t\t\t\t<\/div>\n\t\t\t\t<\/div>\n\t\t<div class=\"elementor-element elementor-element-1500ee7 e-con-full e-flex e-con e-child\" data-id=\"1500ee7\" data-element_type=\"container\" data-e-type=\"container\" data-settings=\"{&quot;jet_parallax_layout_list&quot;:[]}\">\n\t\t\t\t<div class=\"elementor-element elementor-element-e6cbcc8 elementor-widget elementor-widget-image\" data-id=\"e6cbcc8\" data-element_type=\"widget\" data-e-type=\"widget\" data-widget_type=\"image.default\">\n\t\t\t\t<div class=\"elementor-widget-container\">\n\t\t\t\t\t\t\t\t\t\t\t\t\t\t\t<img loading=\"lazy\" decoding=\"async\" width=\"49\" height=\"55\" src=\"https:\/\/www.positivosmais.com\/wp-content\/uploads\/2024\/11\/centro-inteligencia-icon-03.svg\" class=\"attachment-large size-large wp-image-2523\" alt=\"\" \/>\t\t\t\t\t\t\t\t\t\t\t\t\t\t\t<\/div>\n\t\t\t\t<\/div>\n\t\t\t\t<div class=\"elementor-element elementor-element-e2cdad5 elementor-widget elementor-widget-heading\" data-id=\"e2cdad5\" data-element_type=\"widget\" data-e-type=\"widget\" data-widget_type=\"heading.default\">\n\t\t\t\t<div class=\"elementor-widget-container\">\n\t\t\t\t\t<h4 class=\"elementor-heading-title elementor-size-default\">Aumentar la vida \u00fatil de los activos<\/h4>\t\t\t\t<\/div>\n\t\t\t\t<\/div>\n\t\t\t\t<div class=\"elementor-element elementor-element-6f5f6aa elementor-widget elementor-widget-text-editor\" data-id=\"6f5f6aa\" data-element_type=\"widget\" data-e-type=\"widget\" data-widget_type=\"text-editor.default\">\n\t\t\t\t<div class=\"elementor-widget-container\">\n\t\t\t\t\t\t\t\t\t<p>Mediante una gesti\u00f3n proactiva y un mantenimiento eficiente, ITAM maximiza el retorno de la inversi\u00f3n (ROI) de cada dispositivo.<\/p>\t\t\t\t\t\t\t\t<\/div>\n\t\t\t\t<\/div>\n\t\t\t\t<\/div>\n\t\t\t\t<\/div>\n\t\t\t\t<\/div>\n\t\t<div class=\"elementor-element elementor-element-eaa2b00 e-con-full e-flex e-con e-child\" data-id=\"eaa2b00\" data-element_type=\"container\" data-e-type=\"container\" data-settings=\"{&quot;jet_parallax_layout_list&quot;:[]}\">\n\t\t<div class=\"elementor-element elementor-element-582be79 e-con-full e-flex e-con e-child\" data-id=\"582be79\" data-element_type=\"container\" data-e-type=\"container\" data-settings=\"{&quot;jet_parallax_layout_list&quot;:[]}\">\n\t\t<div class=\"elementor-element elementor-element-0694bba e-con-full e-flex e-con e-child\" data-id=\"0694bba\" data-element_type=\"container\" data-e-type=\"container\" data-settings=\"{&quot;jet_parallax_layout_list&quot;:[]}\">\n\t\t\t\t<div class=\"elementor-element elementor-element-7592e48 elementor-widget elementor-widget-image\" data-id=\"7592e48\" data-element_type=\"widget\" data-e-type=\"widget\" data-widget_type=\"image.default\">\n\t\t\t\t<div class=\"elementor-widget-container\">\n\t\t\t\t\t\t\t\t\t\t\t\t\t\t\t<img loading=\"lazy\" decoding=\"async\" width=\"52\" height=\"55\" src=\"https:\/\/www.positivosmais.com\/wp-content\/uploads\/2024\/11\/it-icon-01.svg\" class=\"attachment-large size-large wp-image-2469\" alt=\"\" \/>\t\t\t\t\t\t\t\t\t\t\t\t\t\t\t<\/div>\n\t\t\t\t<\/div>\n\t\t\t\t<div class=\"elementor-element elementor-element-69e5b1d elementor-widget elementor-widget-heading\" data-id=\"69e5b1d\" data-element_type=\"widget\" data-e-type=\"widget\" data-widget_type=\"heading.default\">\n\t\t\t\t<div class=\"elementor-widget-container\">\n\t\t\t\t\t<h4 class=\"elementor-heading-title elementor-size-default\">Visibilidad estrat\u00e9gica para la toma de decisiones<\/h4>\t\t\t\t<\/div>\n\t\t\t\t<\/div>\n\t\t\t\t<div class=\"elementor-element elementor-element-0cd8bab elementor-widget elementor-widget-text-editor\" data-id=\"0cd8bab\" data-element_type=\"widget\" data-e-type=\"widget\" data-widget_type=\"text-editor.default\">\n\t\t\t\t<div class=\"elementor-widget-container\">\n\t\t\t\t\t\t\t\t\t<p>Proporciona datos en tiempo real e informes predictivos que ayudan a los l\u00edderes (CIO y CFO) en la planificaci\u00f3n presupuestaria y en la priorizaci\u00f3n de las inversiones en tecnolog\u00eda en funci\u00f3n del uso y el rendimiento reales.<\/p>\t\t\t\t\t\t\t\t<\/div>\n\t\t\t\t<\/div>\n\t\t\t\t<\/div>\n\t\t<div class=\"elementor-element elementor-element-1462cf0 e-con-full e-flex e-con e-child\" data-id=\"1462cf0\" data-element_type=\"container\" data-e-type=\"container\" data-settings=\"{&quot;jet_parallax_layout_list&quot;:[]}\">\n\t\t\t\t<div class=\"elementor-element elementor-element-bd2880b elementor-widget elementor-widget-image\" data-id=\"bd2880b\" data-element_type=\"widget\" data-e-type=\"widget\" data-widget_type=\"image.default\">\n\t\t\t\t<div class=\"elementor-widget-container\">\n\t\t\t\t\t\t\t\t\t\t\t\t\t\t\t<img loading=\"lazy\" decoding=\"async\" width=\"41\" height=\"55\" src=\"https:\/\/www.positivosmais.com\/wp-content\/uploads\/2024\/11\/it-projects-icon-01.svg\" class=\"attachment-large size-large wp-image-2529\" alt=\"\" \/>\t\t\t\t\t\t\t\t\t\t\t\t\t\t\t<\/div>\n\t\t\t\t<\/div>\n\t\t\t\t<div class=\"elementor-element elementor-element-c50d317 elementor-widget elementor-widget-heading\" data-id=\"c50d317\" data-element_type=\"widget\" data-e-type=\"widget\" data-widget_type=\"heading.default\">\n\t\t\t\t<div class=\"elementor-widget-container\">\n\t\t\t\t\t<h4 class=\"elementor-heading-title elementor-size-default\">Mejora de la productividad<\/h4>\t\t\t\t<\/div>\n\t\t\t\t<\/div>\n\t\t\t\t<div class=\"elementor-element elementor-element-d009e4a elementor-widget elementor-widget-text-editor\" data-id=\"d009e4a\" data-element_type=\"widget\" data-e-type=\"widget\" data-widget_type=\"text-editor.default\">\n\t\t\t\t<div class=\"elementor-widget-container\">\n\t\t\t\t\t\t\t\t\t<p>Garantiza que los empleados tengan acceso a los recursos adecuados en el momento oportuno, minimizando los fallos t\u00e9cnicos (como la lentitud de los sistemas o las interrupciones de la VPN) que interrumpen el flujo de trabajo.<\/p>\t\t\t\t\t\t\t\t<\/div>\n\t\t\t\t<\/div>\n\t\t\t\t<\/div>\n\t\t\t\t<\/div>\n\t\t\t\t<\/div>\n\t\t\t\t<\/div>\n\t\t<div class=\"elementor-element elementor-element-422573d e-con-full e-flex e-con e-child\" data-id=\"422573d\" data-element_type=\"container\" data-e-type=\"container\" data-settings=\"{&quot;jet_parallax_layout_list&quot;:[]}\">\n\t\t\t\t<div class=\"elementor-element elementor-element-ca93a05 elementor-widget elementor-widget-image\" data-id=\"ca93a05\" data-element_type=\"widget\" data-e-type=\"widget\" data-widget_type=\"image.default\">\n\t\t\t\t<div class=\"elementor-widget-container\">\n\t\t\t\t\t\t\t\t\t\t\t\t\t\t\t<img loading=\"lazy\" decoding=\"async\" width=\"57\" height=\"57\" src=\"https:\/\/www.positivosmais.com\/wp-content\/uploads\/2024\/11\/icon-button.svg\" class=\"attachment-large size-large wp-image-2367\" alt=\"\" \/>\t\t\t\t\t\t\t\t\t\t\t\t\t\t\t<\/div>\n\t\t\t\t<\/div>\n\t\t\t\t<div class=\"elementor-element elementor-element-b441429 elementor-widget elementor-widget-button\" data-id=\"b441429\" data-element_type=\"widget\" data-e-type=\"widget\" data-widget_type=\"button.default\">\n\t\t\t\t<div class=\"elementor-widget-container\">\n\t\t\t\t\t\t\t\t\t<div class=\"elementor-button-wrapper\">\n\t\t\t\t\t<a class=\"elementor-button elementor-button-link elementor-size-sm elementor-animation-grow\" href=\"https:\/\/www.positivosmais.com\/es\/hable-con-un-especialista\/\">\n\t\t\t\t\t\t<span class=\"elementor-button-content-wrapper\">\n\t\t\t\t\t\t\t\t\t<span class=\"elementor-button-text\">Hable con un especialista<\/span>\n\t\t\t\t\t<\/span>\n\t\t\t\t\t<\/a>\n\t\t\t\t<\/div>\n\t\t\t\t\t\t\t\t<\/div>\n\t\t\t\t<\/div>\n\t\t\t\t<\/div>\n\t\t\t\t\t<\/div>\n\t\t\t\t<\/div>\n\t\t\t\t<\/div>\n\t\t","protected":false},"excerpt":{"rendered":"<p>Gesti\u00f3n inteligente y segura de los activos inform\u00e1ticos de su empresa. IT Asset Management Para nosotros, la gesti\u00f3n de activos de TI act\u00faa como el motor invisible que sustenta una excelente experiencia digital para los empleados (DEX). Al garantizar que los dispositivos y las licencias est\u00e9n siempre actualizados y funcionando a pleno rendimiento, eliminamos los [&hellip;]<\/p>\n","protected":false},"author":1,"featured_media":0,"parent":7194,"menu_order":0,"comment_status":"closed","ping_status":"closed","template":"","meta":{"footnotes":""},"class_list":["post-7206","page","type-page","status-publish","hentry"],"_links":{"self":[{"href":"https:\/\/www.positivosmais.com\/es\/wp-json\/wp\/v2\/pages\/7206","targetHints":{"allow":["GET"]}}],"collection":[{"href":"https:\/\/www.positivosmais.com\/es\/wp-json\/wp\/v2\/pages"}],"about":[{"href":"https:\/\/www.positivosmais.com\/es\/wp-json\/wp\/v2\/types\/page"}],"author":[{"embeddable":true,"href":"https:\/\/www.positivosmais.com\/es\/wp-json\/wp\/v2\/users\/1"}],"replies":[{"embeddable":true,"href":"https:\/\/www.positivosmais.com\/es\/wp-json\/wp\/v2\/comments?post=7206"}],"version-history":[{"count":7,"href":"https:\/\/www.positivosmais.com\/es\/wp-json\/wp\/v2\/pages\/7206\/revisions"}],"predecessor-version":[{"id":7482,"href":"https:\/\/www.positivosmais.com\/es\/wp-json\/wp\/v2\/pages\/7206\/revisions\/7482"}],"up":[{"embeddable":true,"href":"https:\/\/www.positivosmais.com\/es\/wp-json\/wp\/v2\/pages\/7194"}],"wp:attachment":[{"href":"https:\/\/www.positivosmais.com\/es\/wp-json\/wp\/v2\/media?parent=7206"}],"curies":[{"name":"wp","href":"https:\/\/api.w.org\/{rel}","templated":true}]}}