{"id":4937,"date":"2025-07-07T09:42:34","date_gmt":"2025-07-07T12:42:34","guid":{"rendered":"https:\/\/www.positivosmais.com\/parcerias-aliancas\/"},"modified":"2026-03-31T10:17:01","modified_gmt":"2026-03-31T13:17:01","slug":"asociaciones-y-alianzas","status":"publish","type":"page","link":"https:\/\/www.positivosmais.com\/es\/asociaciones-y-alianzas\/","title":{"rendered":"Asociaciones y Alianzas"},"content":{"rendered":"\t\t<div data-elementor-type=\"wp-page\" data-elementor-id=\"4937\" class=\"elementor elementor-4937 elementor-4834\" data-elementor-post-type=\"page\">\n\t\t\t\t<div class=\"elementor-element elementor-element-e4452bd e-flex e-con-boxed e-con e-parent\" data-id=\"e4452bd\" data-element_type=\"container\" data-e-type=\"container\" data-settings=\"{&quot;jet_parallax_layout_list&quot;:[]}\">\n\t\t\t\t\t<div class=\"e-con-inner\">\n\t\t\t\t<div class=\"elementor-element elementor-element-dc4bab8 elementor-widget elementor-widget-heading\" data-id=\"dc4bab8\" data-element_type=\"widget\" data-e-type=\"widget\" data-widget_type=\"heading.default\">\n\t\t\t\t<div class=\"elementor-widget-container\">\n\t\t\t\t\t<h1 class=\"elementor-heading-title elementor-size-default\">Alianzas y Asociaciones<\/h1>\t\t\t\t<\/div>\n\t\t\t\t<\/div>\n\t\t\t\t\t<\/div>\n\t\t\t\t<\/div>\n\t\t<div class=\"elementor-element elementor-element-1b2c24a e-flex e-con-boxed e-con e-parent\" data-id=\"1b2c24a\" data-element_type=\"container\" data-e-type=\"container\" data-settings=\"{&quot;background_background&quot;:&quot;classic&quot;,&quot;jet_parallax_layout_list&quot;:[]}\">\n\t\t\t\t\t<div class=\"e-con-inner\">\n\t\t<div class=\"elementor-element elementor-element-95e00db e-con-full e-flex e-con e-child\" data-id=\"95e00db\" data-element_type=\"container\" data-e-type=\"container\" data-settings=\"{&quot;background_background&quot;:&quot;classic&quot;,&quot;jet_parallax_layout_list&quot;:[]}\">\n\t\t<div class=\"elementor-element elementor-element-9682f23 e-con-full e-flex e-con e-child\" data-id=\"9682f23\" data-element_type=\"container\" data-e-type=\"container\" data-settings=\"{&quot;jet_parallax_layout_list&quot;:[]}\">\n\t\t\t\t<div class=\"elementor-element elementor-element-901d712 elementor-widget elementor-widget-image\" data-id=\"901d712\" data-element_type=\"widget\" data-e-type=\"widget\" data-widget_type=\"image.default\">\n\t\t\t\t<div class=\"elementor-widget-container\">\n\t\t\t\t\t\t\t\t\t\t\t\t\t\t\t<img fetchpriority=\"high\" decoding=\"async\" width=\"800\" height=\"438\" src=\"https:\/\/www.positivosmais.com\/wp-content\/uploads\/2025\/07\/parcerias-alianca-01-1024x561.png\" class=\"attachment-large size-large wp-image-4844\" alt=\"\" srcset=\"https:\/\/www.positivosmais.com\/wp-content\/uploads\/2025\/07\/parcerias-alianca-01-1024x561.png 1024w, https:\/\/www.positivosmais.com\/wp-content\/uploads\/2025\/07\/parcerias-alianca-01-300x164.png 300w, https:\/\/www.positivosmais.com\/wp-content\/uploads\/2025\/07\/parcerias-alianca-01-768x421.png 768w, https:\/\/www.positivosmais.com\/wp-content\/uploads\/2025\/07\/parcerias-alianca-01.png 1273w\" sizes=\"(max-width: 800px) 100vw, 800px\" \/>\t\t\t\t\t\t\t\t\t\t\t\t\t\t\t<\/div>\n\t\t\t\t<\/div>\n\t\t\t\t<\/div>\n\t\t<div class=\"elementor-element elementor-element-376d626 e-con-full e-flex e-con e-child\" data-id=\"376d626\" data-element_type=\"container\" data-e-type=\"container\" data-settings=\"{&quot;jet_parallax_layout_list&quot;:[]}\">\n\t\t\t\t<div class=\"elementor-element elementor-element-73b0bda elementor-widget elementor-widget-heading\" data-id=\"73b0bda\" data-element_type=\"widget\" data-e-type=\"widget\" data-widget_type=\"heading.default\">\n\t\t\t\t<div class=\"elementor-widget-container\">\n\t\t\t\t\t<h2 class=\"elementor-heading-title elementor-size-default\">Conectamos empresas, tecnolog\u00edas y personas para crear un ecosistema que impulsa resultados con innovaci\u00f3n y excelencia.<\/h2>\t\t\t\t<\/div>\n\t\t\t\t<\/div>\n\t\t\t\t<\/div>\n\t\t\t\t<\/div>\n\t\t\t\t\t<\/div>\n\t\t\t\t<\/div>\n\t\t<div class=\"elementor-element elementor-element-7819f9c e-flex e-con-boxed e-con e-parent\" data-id=\"7819f9c\" data-element_type=\"container\" data-e-type=\"container\" data-settings=\"{&quot;jet_parallax_layout_list&quot;:[]}\">\n\t\t\t\t\t<div class=\"e-con-inner\">\n\t\t\t\t<div class=\"elementor-element elementor-element-a37ae46 elementor-widget__width-initial elementor-widget elementor-widget-text-editor\" data-id=\"a37ae46\" data-element_type=\"widget\" data-e-type=\"widget\" data-widget_type=\"text-editor.default\">\n\t\t\t\t<div class=\"elementor-widget-container\">\n\t\t\t\t\t\t\t\t\t<p><span data-teams=\"true\">En Positivo S+, creemos que las alianzas son motores de crecimiento. Por ello, cultivamos alianzas con organizaciones que comparten nuestro compromiso con la innovaci\u00f3n, la confianza y los resultados que impulsan el negocio principal.<\/span><\/p><p><span data-teams=\"true\">Combinamos competencias para ampliar nuestro alcance y nuestra capacidad de transformar las operaciones con tecnolog\u00eda.<\/span><\/p>\t\t\t\t\t\t\t\t<\/div>\n\t\t\t\t<\/div>\n\t\t<div class=\"elementor-element elementor-element-87f23eb e-con-full e-flex e-con e-child\" data-id=\"87f23eb\" data-element_type=\"container\" data-e-type=\"container\" data-settings=\"{&quot;jet_parallax_layout_list&quot;:[]}\">\n\t\t\t\t<div class=\"elementor-element elementor-element-e828619 elementor-widget elementor-widget-heading\" data-id=\"e828619\" data-element_type=\"widget\" data-e-type=\"widget\" data-widget_type=\"heading.default\">\n\t\t\t\t<div class=\"elementor-widget-container\">\n\t\t\t\t\t<h3 class=\"elementor-heading-title elementor-size-default\">Conozca a los Socios de Positivo S+<\/h3>\t\t\t\t<\/div>\n\t\t\t\t<\/div>\n\t\t\t\t<div class=\"elementor-element elementor-element-3014feb elementor-widget-divider--view-line elementor-widget elementor-widget-divider\" data-id=\"3014feb\" data-element_type=\"widget\" data-e-type=\"widget\" data-widget_type=\"divider.default\">\n\t\t\t\t<div class=\"elementor-widget-container\">\n\t\t\t\t\t\t\t<div class=\"elementor-divider\">\n\t\t\t<span class=\"elementor-divider-separator\">\n\t\t\t\t\t\t<\/span>\n\t\t<\/div>\n\t\t\t\t\t\t<\/div>\n\t\t\t\t<\/div>\n\t\t\t\t<\/div>\n\t\t<div class=\"elementor-element elementor-element-14f993d e-con-full e-flex e-con e-child\" data-id=\"14f993d\" data-element_type=\"container\" data-e-type=\"container\" data-settings=\"{&quot;background_background&quot;:&quot;classic&quot;,&quot;jet_parallax_layout_list&quot;:[]}\">\n\t\t\t\t<div class=\"elementor-element elementor-element-bd304ad elementor-skin-carousel elementor-arrows-yes elementor-pagination-type-bullets elementor-pagination-position-outside elementor-widget elementor-widget-media-carousel\" data-id=\"bd304ad\" data-element_type=\"widget\" data-e-type=\"widget\" data-settings=\"{&quot;slides_per_view&quot;:&quot;5&quot;,&quot;slides_per_view_tablet&quot;:&quot;3&quot;,&quot;slides_per_view_mobile&quot;:&quot;1&quot;,&quot;autoplay_speed&quot;:3000,&quot;space_between&quot;:{&quot;unit&quot;:&quot;px&quot;,&quot;size&quot;:25,&quot;sizes&quot;:[]},&quot;skin&quot;:&quot;carousel&quot;,&quot;effect&quot;:&quot;slide&quot;,&quot;show_arrows&quot;:&quot;yes&quot;,&quot;pagination&quot;:&quot;bullets&quot;,&quot;speed&quot;:500,&quot;autoplay&quot;:&quot;yes&quot;,&quot;loop&quot;:&quot;yes&quot;,&quot;space_between_tablet&quot;:{&quot;unit&quot;:&quot;px&quot;,&quot;size&quot;:10,&quot;sizes&quot;:[]},&quot;space_between_mobile&quot;:{&quot;unit&quot;:&quot;px&quot;,&quot;size&quot;:10,&quot;sizes&quot;:[]}}\" data-widget_type=\"media-carousel.default\">\n\t\t\t\t<div class=\"elementor-widget-container\">\n\t\t\t\t\t\t\t\t\t<div class=\"elementor-swiper\">\n\t\t\t\t\t<div class=\"elementor-main-swiper swiper\" role=\"region\" aria-roledescription=\"carousel\" aria-label=\"Slides\">\n\t\t\t\t<div class=\"swiper-wrapper\">\n\t\t\t\t\t\t\t\t\t\t\t<div class=\"swiper-slide\" role=\"group\" aria-roledescription=\"slide\">\n\t\t\t\t\t\t\t<a href=\"https:\/\/aws.amazon.com\/pt\/\" target=\"_blank\" rel=\"noopener\">\t\t<div class=\"elementor-carousel-image\" role=\"img\" aria-label=\"logo-parceiro-04\" style=\"background-image: url(&#039;https:\/\/www.positivosmais.com\/wp-content\/uploads\/2026\/03\/logo-parceiro-04.png&#039;)\">\n\n\t\t\t\n\t\t\t\t\t<\/div>\n\t\t<\/a>\t\t\t\t\t\t<\/div>\n\t\t\t\t\t\t\t\t\t\t\t<div class=\"swiper-slide\" role=\"group\" aria-roledescription=\"slide\">\n\t\t\t\t\t\t\t<a href=\"https:\/\/almaden.ai\/\" target=\"_blank\" rel=\"noopener\">\t\t<div class=\"elementor-carousel-image\" role=\"img\" aria-label=\"logo-parceiro-03\" style=\"background-image: url(&#039;https:\/\/www.positivosmais.com\/wp-content\/uploads\/2026\/03\/logo-parceiro-03.png&#039;)\">\n\n\t\t\t\n\t\t\t\t\t<\/div>\n\t\t<\/a>\t\t\t\t\t\t<\/div>\n\t\t\t\t\t\t\t\t\t\t\t<div class=\"swiper-slide\" role=\"group\" aria-roledescription=\"slide\">\n\t\t\t\t\t\t\t<a href=\"https:\/\/www.huawei.com\/br\/\" target=\"_blank\" rel=\"noopener\">\t\t<div class=\"elementor-carousel-image\" role=\"img\" aria-label=\"logo-parceiro-02\" style=\"background-image: url(&#039;https:\/\/www.positivosmais.com\/wp-content\/uploads\/2026\/03\/logo-parceiro-02.png&#039;)\">\n\n\t\t\t\n\t\t\t\t\t<\/div>\n\t\t<\/a>\t\t\t\t\t\t<\/div>\n\t\t\t\t\t\t\t\t\t\t\t<div class=\"swiper-slide\" role=\"group\" aria-roledescription=\"slide\">\n\t\t\t\t\t\t\t<a href=\"https:\/\/www.redhat.com\/pt-br\/\" target=\"_blank\" rel=\"noopener\">\t\t<div class=\"elementor-carousel-image\" role=\"img\" aria-label=\"logo-parceiro-01\" style=\"background-image: url(&#039;https:\/\/www.positivosmais.com\/wp-content\/uploads\/2026\/03\/logo-parceiro-01.png&#039;)\">\n\n\t\t\t\n\t\t\t\t\t<\/div>\n\t\t<\/a>\t\t\t\t\t\t<\/div>\n\t\t\t\t\t\t\t\t\t\t\t<div class=\"swiper-slide\" role=\"group\" aria-roledescription=\"slide\">\n\t\t\t\t\t\t\t<a href=\"https:\/\/www.snd.com.br\/\" target=\"_blank\" rel=\"noopener\">\t\t<div class=\"elementor-carousel-image\" role=\"img\" aria-label=\"logo-parceiro-05\" style=\"background-image: url(&#039;https:\/\/www.positivosmais.com\/wp-content\/uploads\/2026\/03\/logo-parceiro-05.png&#039;)\">\n\n\t\t\t\n\t\t\t\t\t<\/div>\n\t\t<\/a>\t\t\t\t\t\t<\/div>\n\t\t\t\t\t\t\t\t\t\t\t<div class=\"swiper-slide\" role=\"group\" aria-roledescription=\"slide\">\n\t\t\t\t\t\t\t<a href=\"https:\/\/www.fortinet.com\/br\" target=\"_blank\" rel=\"noopener\">\t\t<div class=\"elementor-carousel-image\" role=\"img\" aria-label=\"logo-parceiro-06\" style=\"background-image: url(&#039;https:\/\/www.positivosmais.com\/wp-content\/uploads\/2026\/03\/logo-parceiro-06.png&#039;)\">\n\n\t\t\t\n\t\t\t\t\t<\/div>\n\t\t<\/a>\t\t\t\t\t\t<\/div>\n\t\t\t\t\t\t\t\t\t\t\t<div class=\"swiper-slide\" role=\"group\" aria-roledescription=\"slide\">\n\t\t\t\t\t\t\t<a href=\"https:\/\/cervello.com.br\/\" target=\"_blank\" rel=\"noopener\">\t\t<div class=\"elementor-carousel-image\" role=\"img\" aria-label=\"logo-parceiro-09\" style=\"background-image: url(&#039;https:\/\/www.positivosmais.com\/wp-content\/uploads\/2026\/03\/logo-parceiro-09.png&#039;)\">\n\n\t\t\t\n\t\t\t\t\t<\/div>\n\t\t<\/a>\t\t\t\t\t\t<\/div>\n\t\t\t\t\t\t\t\t\t\t\t<div class=\"swiper-slide\" role=\"group\" aria-roledescription=\"slide\">\n\t\t\t\t\t\t\t<a href=\"https:\/\/scansource.com.br\/\" target=\"_blank\" rel=\"noopener\">\t\t<div class=\"elementor-carousel-image\" role=\"img\" aria-label=\"logo-parceiro-07\" style=\"background-image: url(&#039;https:\/\/www.positivosmais.com\/wp-content\/uploads\/2026\/03\/logo-parceiro-07.png&#039;)\">\n\n\t\t\t\n\t\t\t\t\t<\/div>\n\t\t<\/a>\t\t\t\t\t\t<\/div>\n\t\t\t\t\t\t\t\t\t\t\t<div class=\"swiper-slide\" role=\"group\" aria-roledescription=\"slide\">\n\t\t\t\t\t\t\t<a href=\"https:\/\/www.checkpoint.com\/\" target=\"_blank\" rel=\"noopener\">\t\t<div class=\"elementor-carousel-image\" role=\"img\" aria-label=\"logo-parceiro-08\" style=\"background-image: url(&#039;https:\/\/www.positivosmais.com\/wp-content\/uploads\/2026\/03\/logo-parceiro-08.png&#039;)\">\n\n\t\t\t\n\t\t\t\t\t<\/div>\n\t\t<\/a>\t\t\t\t\t\t<\/div>\n\t\t\t\t\t\t\t\t\t<\/div>\n\t\t\t\t\t\t\t\t\t\t\t\t\t\t\t<div class=\"elementor-swiper-button elementor-swiper-button-prev\" role=\"button\" tabindex=\"0\" aria-label=\"Anterior\">\n\t\t\t\t\t\t\t<svg aria-hidden=\"true\" class=\"e-font-icon-svg e-eicon-chevron-left\" viewBox=\"0 0 1000 1000\" xmlns=\"http:\/\/www.w3.org\/2000\/svg\"><path d=\"M646 125C629 125 613 133 604 142L308 442C296 454 292 471 292 487 292 504 296 521 308 533L604 854C617 867 629 875 646 875 663 875 679 871 692 858 704 846 713 829 713 812 713 796 708 779 692 767L438 487 692 225C700 217 708 204 708 187 708 171 704 154 692 142 675 129 663 125 646 125Z\"><\/path><\/svg>\t\t\t\t\t\t<\/div>\n\t\t\t\t\t\t<div class=\"elementor-swiper-button elementor-swiper-button-next\" role=\"button\" tabindex=\"0\" aria-label=\"Siguiente\">\n\t\t\t\t\t\t\t<svg aria-hidden=\"true\" class=\"e-font-icon-svg e-eicon-chevron-right\" viewBox=\"0 0 1000 1000\" xmlns=\"http:\/\/www.w3.org\/2000\/svg\"><path d=\"M696 533C708 521 713 504 713 487 713 471 708 454 696 446L400 146C388 133 375 125 354 125 338 125 325 129 313 142 300 154 292 171 292 187 292 204 296 221 308 233L563 492 304 771C292 783 288 800 288 817 288 833 296 850 308 863 321 871 338 875 354 875 371 875 388 867 400 854L696 533Z\"><\/path><\/svg>\t\t\t\t\t\t<\/div>\n\t\t\t\t\t\t\t\t\t\t\t\t\t\t\t\t<div class=\"swiper-pagination\"><\/div>\n\t\t\t\t\t\t\t\t\t\t\t\t<\/div>\n\t\t\t\t<\/div>\n\t\t\t\t\t\t\t\t<\/div>\n\t\t\t\t<\/div>\n\t\t\t\t<\/div>\n\t\t<div class=\"elementor-element elementor-element-8f47dea e-con-full e-flex e-con e-child\" data-id=\"8f47dea\" data-element_type=\"container\" data-e-type=\"container\" data-settings=\"{&quot;jet_parallax_layout_list&quot;:[]}\">\n\t\t<div class=\"elementor-element elementor-element-d70441c e-con-full e-flex e-con e-child\" data-id=\"d70441c\" data-element_type=\"container\" data-e-type=\"container\" data-settings=\"{&quot;jet_parallax_layout_list&quot;:[]}\">\n\t\t<div class=\"elementor-element elementor-element-e0804cb e-con-full e-flex e-con e-child\" data-id=\"e0804cb\" data-element_type=\"container\" data-e-type=\"container\" data-settings=\"{&quot;jet_parallax_layout_list&quot;:[]}\">\n\t\t\t\t<div class=\"elementor-element elementor-element-9160594 elementor-widget elementor-widget-image\" data-id=\"9160594\" data-element_type=\"widget\" data-e-type=\"widget\" data-widget_type=\"image.default\">\n\t\t\t\t<div class=\"elementor-widget-container\">\n\t\t\t\t\t\t\t\t\t\t\t\t\t\t\t<img decoding=\"async\" width=\"800\" height=\"475\" src=\"https:\/\/www.positivosmais.com\/wp-content\/uploads\/2025\/07\/parcerias-alianca-02.jpg\" class=\"attachment-large size-large wp-image-4848\" alt=\"\" srcset=\"https:\/\/www.positivosmais.com\/wp-content\/uploads\/2025\/07\/parcerias-alianca-02.jpg 862w, https:\/\/www.positivosmais.com\/wp-content\/uploads\/2025\/07\/parcerias-alianca-02-300x178.jpg 300w, https:\/\/www.positivosmais.com\/wp-content\/uploads\/2025\/07\/parcerias-alianca-02-768x456.jpg 768w\" sizes=\"(max-width: 800px) 100vw, 800px\" \/>\t\t\t\t\t\t\t\t\t\t\t\t\t\t\t<\/div>\n\t\t\t\t<\/div>\n\t\t\t\t<\/div>\n\t\t<div class=\"elementor-element elementor-element-d2b46d4 e-con-full e-flex e-con e-child\" data-id=\"d2b46d4\" data-element_type=\"container\" data-e-type=\"container\" data-settings=\"{&quot;jet_parallax_layout_list&quot;:[]}\">\n\t\t\t\t<div class=\"elementor-element elementor-element-1423a2a elementor-widget elementor-widget-text-editor\" data-id=\"1423a2a\" data-element_type=\"widget\" data-e-type=\"widget\" data-widget_type=\"text-editor.default\">\n\t\t\t\t<div class=\"elementor-widget-container\">\n\t\t\t\t\t\t\t\t\t<p><span data-teams=\"true\">Nuestro ecosistema de socios es din\u00e1mico, colaborativo y orientado a resultados. Si tiene una soluci\u00f3n que puede generar valor para nuestros clientes o busca integrar su oferta en una estructura de excelencia, este es el lugar para usted. Combinamos agilidad, inteligencia y nos enfocamos en lo que realmente importa: simplificar el d\u00eda a d\u00eda de las empresas a trav\u00e9s de servicios y tecnolog\u00eda.<\/span><\/p>\t\t\t\t\t\t\t\t<\/div>\n\t\t\t\t<\/div>\n\t\t\t\t<\/div>\n\t\t\t\t<\/div>\n\t\t\t\t<\/div>\n\t\t\t\t\t<\/div>\n\t\t\t\t<\/div>\n\t\t\t\t<\/div>\n\t\t","protected":false},"excerpt":{"rendered":"<p>Alianzas y Asociaciones Conectamos empresas, tecnolog\u00edas y personas para crear un ecosistema que impulsa resultados con innovaci\u00f3n y excelencia. En Positivo S+, creemos que las alianzas son motores de crecimiento. Por ello, cultivamos alianzas con organizaciones que comparten nuestro compromiso con la innovaci\u00f3n, la confianza y los resultados que impulsan el negocio principal. Combinamos competencias [&hellip;]<\/p>\n","protected":false},"author":1,"featured_media":0,"parent":0,"menu_order":0,"comment_status":"closed","ping_status":"closed","template":"","meta":{"footnotes":""},"class_list":["post-4937","page","type-page","status-publish","hentry"],"_links":{"self":[{"href":"https:\/\/www.positivosmais.com\/es\/wp-json\/wp\/v2\/pages\/4937","targetHints":{"allow":["GET"]}}],"collection":[{"href":"https:\/\/www.positivosmais.com\/es\/wp-json\/wp\/v2\/pages"}],"about":[{"href":"https:\/\/www.positivosmais.com\/es\/wp-json\/wp\/v2\/types\/page"}],"author":[{"embeddable":true,"href":"https:\/\/www.positivosmais.com\/es\/wp-json\/wp\/v2\/users\/1"}],"replies":[{"embeddable":true,"href":"https:\/\/www.positivosmais.com\/es\/wp-json\/wp\/v2\/comments?post=4937"}],"version-history":[{"count":14,"href":"https:\/\/www.positivosmais.com\/es\/wp-json\/wp\/v2\/pages\/4937\/revisions"}],"predecessor-version":[{"id":7637,"href":"https:\/\/www.positivosmais.com\/es\/wp-json\/wp\/v2\/pages\/4937\/revisions\/7637"}],"wp:attachment":[{"href":"https:\/\/www.positivosmais.com\/es\/wp-json\/wp\/v2\/media?parent=4937"}],"curies":[{"name":"wp","href":"https:\/\/api.w.org\/{rel}","templated":true}]}}