{"id":3083,"date":"2024-12-09T09:27:22","date_gmt":"2024-12-09T12:27:22","guid":{"rendered":"https:\/\/www.positivosmais.com\/politica-de-cookies\/"},"modified":"2025-01-31T17:43:31","modified_gmt":"2025-01-31T20:43:31","slug":"politica-de-cookies","status":"publish","type":"page","link":"https:\/\/www.positivosmais.com\/es\/politica-de-cookies\/","title":{"rendered":"Pol\u00edtica de Cookies"},"content":{"rendered":"\t\t<div data-elementor-type=\"wp-page\" data-elementor-id=\"3083\" class=\"elementor elementor-3083 elementor-947\" data-elementor-post-type=\"page\">\n\t\t\t\t<div class=\"elementor-element elementor-element-cf09881 e-flex e-con-boxed e-con e-parent\" data-id=\"cf09881\" data-element_type=\"container\" data-e-type=\"container\" data-settings=\"{&quot;jet_parallax_layout_list&quot;:[]}\">\n\t\t\t\t\t<div class=\"e-con-inner\">\n\t\t\t\t<div class=\"elementor-element elementor-element-ace41a4 elementor-widget elementor-widget-heading\" data-id=\"ace41a4\" data-element_type=\"widget\" data-e-type=\"widget\" data-widget_type=\"heading.default\">\n\t\t\t\t<div class=\"elementor-widget-container\">\n\t\t\t\t\t<h1 class=\"elementor-heading-title elementor-size-default\">Pol\u00edtica de Cookies<\/h1>\t\t\t\t<\/div>\n\t\t\t\t<\/div>\n\t\t\t\t\t<\/div>\n\t\t\t\t<\/div>\n\t\t<div class=\"elementor-element elementor-element-a1572bb e-flex e-con-boxed e-con e-parent\" data-id=\"a1572bb\" data-element_type=\"container\" data-e-type=\"container\" data-settings=\"{&quot;jet_parallax_layout_list&quot;:[]}\">\n\t\t\t\t\t<div class=\"e-con-inner\">\n\t\t\t\t<div class=\"elementor-element elementor-element-eda91a9 elementor-nav-menu--stretch elementor-nav-menu--dropdown-tablet elementor-nav-menu__text-align-aside elementor-nav-menu--toggle elementor-nav-menu--burger elementor-widget elementor-widget-nav-menu\" data-id=\"eda91a9\" data-element_type=\"widget\" data-e-type=\"widget\" data-settings=\"{&quot;full_width&quot;:&quot;stretch&quot;,&quot;layout&quot;:&quot;horizontal&quot;,&quot;submenu_icon&quot;:{&quot;value&quot;:&quot;&lt;svg aria-hidden=\\&quot;true\\&quot; class=\\&quot;e-font-icon-svg e-fas-caret-down\\&quot; viewBox=\\&quot;0 0 320 512\\&quot; xmlns=\\&quot;http:\\\/\\\/www.w3.org\\\/2000\\\/svg\\&quot;&gt;&lt;path d=\\&quot;M31.3 192h257.3c17.8 0 26.7 21.5 14.1 34.1L174.1 354.8c-7.8 7.8-20.5 7.8-28.3 0L17.2 226.1C4.6 213.5 13.5 192 31.3 192z\\&quot;&gt;&lt;\\\/path&gt;&lt;\\\/svg&gt;&quot;,&quot;library&quot;:&quot;fa-solid&quot;},&quot;toggle&quot;:&quot;burger&quot;}\" data-widget_type=\"nav-menu.default\">\n\t\t\t\t<div class=\"elementor-widget-container\">\n\t\t\t\t\t\t\t\t<nav aria-label=\"Menu\" class=\"elementor-nav-menu--main elementor-nav-menu__container elementor-nav-menu--layout-horizontal e--pointer-underline e--animation-fade\">\n\t\t\t\t<ul id=\"menu-1-eda91a9\" class=\"elementor-nav-menu\"><li class=\"menu-item menu-item-type-post_type menu-item-object-page menu-item-994\"><a href=\"https:\/\/www.positivosmais.com\/politica-de-privacidade\/\" class=\"elementor-item\">Pol\u00edtica de Privacidad<\/a><\/li>\n<li class=\"menu-item menu-item-type-post_type menu-item-object-page menu-item-993\"><a href=\"https:\/\/www.positivosmais.com\/politica-de-cookies\/\" class=\"elementor-item\">Pol\u00edtica de Cookies<\/a><\/li>\n<li class=\"menu-item menu-item-type-post_type menu-item-object-page menu-item-992\"><a href=\"https:\/\/www.positivosmais.com\/politica-de-seguranca-da-informacao\/\" class=\"elementor-item\">Pol\u00edticas de Seguridad de la Informaci\u00f3n<\/a><\/li>\n<li class=\"menu-item menu-item-type-post_type menu-item-object-page menu-item-991\"><a href=\"https:\/\/www.positivosmais.com\/termos-de-uso\/\" class=\"elementor-item\">T\u00e9rminos y Condiciones de Uso<\/a><\/li>\n<li class=\"menu-item menu-item-type-post_type menu-item-object-page menu-item-990\"><a href=\"https:\/\/www.positivosmais.com\/lei-geral-de-protecao-de-dados\/\" class=\"elementor-item\">Ley General de Protecci\u00f3n de Datos<\/a><\/li>\n<\/ul>\t\t\t<\/nav>\n\t\t\t\t\t<div class=\"elementor-menu-toggle\" role=\"button\" tabindex=\"0\" aria-label=\"Alternar men\u00fa\" aria-expanded=\"false\">\n\t\t\t<svg aria-hidden=\"true\" role=\"presentation\" class=\"elementor-menu-toggle__icon--open e-font-icon-svg e-eicon-menu-bar\" viewBox=\"0 0 1000 1000\" xmlns=\"http:\/\/www.w3.org\/2000\/svg\"><path d=\"M104 333H896C929 333 958 304 958 271S929 208 896 208H104C71 208 42 237 42 271S71 333 104 333ZM104 583H896C929 583 958 554 958 521S929 458 896 458H104C71 458 42 487 42 521S71 583 104 583ZM104 833H896C929 833 958 804 958 771S929 708 896 708H104C71 708 42 737 42 771S71 833 104 833Z\"><\/path><\/svg><svg aria-hidden=\"true\" role=\"presentation\" class=\"elementor-menu-toggle__icon--close e-font-icon-svg e-eicon-close\" viewBox=\"0 0 1000 1000\" xmlns=\"http:\/\/www.w3.org\/2000\/svg\"><path d=\"M742 167L500 408 258 167C246 154 233 150 217 150 196 150 179 158 167 167 154 179 150 196 150 212 150 229 154 242 171 254L408 500 167 742C138 771 138 800 167 829 196 858 225 858 254 829L496 587 738 829C750 842 767 846 783 846 800 846 817 842 829 829 842 817 846 804 846 783 846 767 842 750 829 737L588 500 833 258C863 229 863 200 833 171 804 137 775 137 742 167Z\"><\/path><\/svg>\t\t<\/div>\n\t\t\t\t\t<nav class=\"elementor-nav-menu--dropdown elementor-nav-menu__container\" aria-hidden=\"true\">\n\t\t\t\t<ul id=\"menu-2-eda91a9\" class=\"elementor-nav-menu\"><li class=\"menu-item menu-item-type-post_type menu-item-object-page menu-item-994\"><a href=\"https:\/\/www.positivosmais.com\/politica-de-privacidade\/\" class=\"elementor-item\" tabindex=\"-1\">Pol\u00edtica de Privacidad<\/a><\/li>\n<li class=\"menu-item menu-item-type-post_type menu-item-object-page menu-item-993\"><a href=\"https:\/\/www.positivosmais.com\/politica-de-cookies\/\" class=\"elementor-item\" tabindex=\"-1\">Pol\u00edtica de Cookies<\/a><\/li>\n<li class=\"menu-item menu-item-type-post_type menu-item-object-page menu-item-992\"><a href=\"https:\/\/www.positivosmais.com\/politica-de-seguranca-da-informacao\/\" class=\"elementor-item\" tabindex=\"-1\">Pol\u00edticas de Seguridad de la Informaci\u00f3n<\/a><\/li>\n<li class=\"menu-item menu-item-type-post_type menu-item-object-page menu-item-991\"><a href=\"https:\/\/www.positivosmais.com\/termos-de-uso\/\" class=\"elementor-item\" tabindex=\"-1\">T\u00e9rminos y Condiciones de Uso<\/a><\/li>\n<li class=\"menu-item menu-item-type-post_type menu-item-object-page menu-item-990\"><a href=\"https:\/\/www.positivosmais.com\/lei-geral-de-protecao-de-dados\/\" class=\"elementor-item\" tabindex=\"-1\">Ley General de Protecci\u00f3n de Datos<\/a><\/li>\n<\/ul>\t\t\t<\/nav>\n\t\t\t\t\t\t<\/div>\n\t\t\t\t<\/div>\n\t\t\t\t\t<\/div>\n\t\t\t\t<\/div>\n\t\t<div class=\"elementor-element elementor-element-b202bb6 e-flex e-con-boxed e-con e-parent\" data-id=\"b202bb6\" data-element_type=\"container\" data-e-type=\"container\" data-settings=\"{&quot;jet_parallax_layout_list&quot;:[]}\">\n\t\t\t\t\t<div class=\"e-con-inner\">\n\t\t<div class=\"elementor-element elementor-element-cd9d89a e-con-full e-flex e-con e-child\" data-id=\"cd9d89a\" data-element_type=\"container\" data-e-type=\"container\" data-settings=\"{&quot;jet_parallax_layout_list&quot;:[],&quot;sticky&quot;:&quot;top&quot;,&quot;sticky_on&quot;:[&quot;desktop&quot;],&quot;sticky_offset&quot;:100,&quot;sticky_effects_offset&quot;:0,&quot;sticky_anchor_link_offset&quot;:0}\">\n\t\t\t\t<div class=\"elementor-element elementor-element-f1626f1 elementor-widget elementor-widget-table-of-contents\" data-id=\"f1626f1\" data-element_type=\"widget\" data-e-type=\"widget\" data-settings=\"{&quot;exclude_headings_by_selector&quot;:[],&quot;marker_view&quot;:&quot;bullets&quot;,&quot;icon&quot;:{&quot;value&quot;:&quot;&quot;,&quot;library&quot;:&quot;&quot;},&quot;no_headings_message&quot;:&quot;N\\u00e3o foram encontrados cabe\\u00e7alhos nesta p\\u00e1gina.&quot;,&quot;headings_by_tags&quot;:[&quot;h2&quot;,&quot;h3&quot;,&quot;h4&quot;,&quot;h5&quot;,&quot;h6&quot;],&quot;hierarchical_view&quot;:&quot;yes&quot;,&quot;min_height&quot;:{&quot;unit&quot;:&quot;px&quot;,&quot;size&quot;:&quot;&quot;,&quot;sizes&quot;:[]},&quot;min_height_tablet&quot;:{&quot;unit&quot;:&quot;px&quot;,&quot;size&quot;:&quot;&quot;,&quot;sizes&quot;:[]},&quot;min_height_mobile&quot;:{&quot;unit&quot;:&quot;px&quot;,&quot;size&quot;:&quot;&quot;,&quot;sizes&quot;:[]}}\" data-widget_type=\"table-of-contents.default\">\n\t\t\t\t<div class=\"elementor-widget-container\">\n\t\t\t\t\t\t\t\t\t<div id=\"elementor-toc__f1626f1\" class=\"elementor-toc__body\">\n\t\t\t<div class=\"elementor-toc__spinner-container\">\n\t\t\t\t<svg class=\"elementor-toc__spinner eicon-animation-spin e-font-icon-svg e-eicon-loading\" aria-hidden=\"true\" viewBox=\"0 0 1000 1000\" xmlns=\"http:\/\/www.w3.org\/2000\/svg\"><path d=\"M500 975V858C696 858 858 696 858 500S696 142 500 142 142 304 142 500H25C25 237 238 25 500 25S975 237 975 500 763 975 500 975Z\"><\/path><\/svg>\t\t\t<\/div>\n\t\t<\/div>\n\t\t\t\t\t\t<\/div>\n\t\t\t\t<\/div>\n\t\t\t\t<\/div>\n\t\t<div class=\"elementor-element elementor-element-b416fd1 e-con-full e-flex e-con e-child\" data-id=\"b416fd1\" data-element_type=\"container\" data-e-type=\"container\" data-settings=\"{&quot;jet_parallax_layout_list&quot;:[]}\">\n\t\t\t\t<div class=\"elementor-element elementor-element-55792e2 elementor-widget elementor-widget-text-editor\" data-id=\"55792e2\" data-element_type=\"widget\" data-e-type=\"widget\" data-widget_type=\"text-editor.default\">\n\t\t\t\t<div class=\"elementor-widget-container\">\n\t\t\t\t\t\t\t\t\t<h2><b>1. Objetivo<\/b><\/h2><p>Esta Pol\u00edtica de Cookies se aplica a cualquier sitio web, aplicaci\u00f3n o plataforma operada por la empresa ALGAR TI CONSULTORIA S\/A, en adelante denominada colectivamente e indistintamente como &#8220;Positivo S+&#8221;, o en nuestro nombre (&#8220;nuestras Plataformas Digitales&#8221;).<\/p><p>Positivo S+ busca explicar, de manera transparente y espec\u00edfica a trav\u00e9s de esta Pol\u00edtica de Cookies, c\u00f3mo, cu\u00e1ndo y por qu\u00e9 se utilizan las cookies.<\/p><p>Al acceder a nuestras Plataformas Digitales, el usuario autoriza el uso de cookies conforme a los t\u00e9rminos de esta Pol\u00edtica.<\/p><p>En caso de no estar de acuerdo con el uso de cookies de esta manera, el usuario podr\u00e1:<br \/>(i) ajustar la configuraci\u00f3n de su navegador para no permitir el uso de cookies, o<br \/>(ii) no acceder a nuestras Plataformas Digitales.<\/p><p>Deshabilitar el uso de cookies podr\u00eda afectar la experiencia del usuario al visitar nuestras Plataformas Digitales.<\/p><p>Para cualquier consulta o pregunta sobre la Pol\u00edtica de Cookies de nuestras Plataformas Digitales, el usuario puede ponerse en contacto con nosotros a trav\u00e9s del correo electr\u00f3nico:\u00a0<br \/><a href=\"mailto:dataprivacy@positivosmais.com\"><span style=\"font-weight: 400;\">dataprivacy@positivosmais.com<\/span><\/a><\/p><h2><b>2. Definiciones<\/b><\/h2><h3>2.1. Cookies<\/h3><p>Las cookies son archivos digitales con peque\u00f1os fragmentos de datos (generalmente con un identificador \u00fanico), que se almacenan en el dispositivo del usuario a trav\u00e9s del navegador o aplicaci\u00f3n y que guardan informaci\u00f3n relacionada con sus preferencias.<\/p><h2><b>3. Descripci\u00f3n<\/b><\/h2><h3>3.1. Para que servem os Cookies?<\/h3><p>Las cookies tienen como objetivo mejorar la experiencia del usuario, tanto en t\u00e9rminos de rendimiento como de usabilidad, ya que los contenidos ofrecidos estar\u00e1n dirigidos a las necesidades y expectativas del usuario.<\/p><p>Las cookies permiten que nuestras Plataformas Digitales recuerden informaci\u00f3n sobre la visita del usuario, su idioma preferido, su ubicaci\u00f3n, la recurrencia de sus sesiones y otras variables que Positivo S+ considera relevantes para hacer m\u00e1s eficiente la experiencia del usuario. Adem\u00e1s, las cookies pueden utilizarse para recopilar informaci\u00f3n an\u00f3nima y agregada que permita entender c\u00f3mo los usuarios utilizan e interact\u00faan con nuestras Plataformas Digitales, as\u00ed como mejorar su estructura y contenido. Dado que son datos an\u00f3nimos, no podemos identificar al usuario personalmente mediante esta informaci\u00f3n.<\/p><p>El uso de cookies es algo com\u00fan en cualquier plataforma digital actual. Su uso no perjudica de ninguna manera los dispositivos (computadoras, smartphones, tabletas, etc.) en los que se almacenan.<\/p><h3>3.2. Que tipo de Cookies utilizamos?<\/h3><p>Positivo S+ utiliza dos tipos de cookies: cookies de sesi\u00f3n y cookies persistentes.<\/p><ul><li style=\"font-weight: 400;\" aria-level=\"1\"><b>Cookies de sesi\u00f3n:<\/b> Son cookies temporales que permanecen almacenadas hasta que el usuario abandona el sitio, cierra el navegador o la aplicaci\u00f3n. Estas se eliminan autom\u00e1ticamente del dispositivo.<\/li><li style=\"font-weight: 400;\" aria-level=\"1\"><b>Cookies persistentes:<\/b> Son cookies que permanecen almacenadas en el dispositivo del usuario hasta que se eliminan manualmente o alcanzan su fecha de vencimiento (el tiempo que permanece depende de la configuraci\u00f3n del navegador).<\/li><\/ul><p>Las cookies (de sesi\u00f3n o persistentes) pueden categorizarse seg\u00fan su funci\u00f3n:<\/p><ul><li style=\"font-weight: 400;\" aria-level=\"1\"><b>Cookies estrictamente necesarias:<\/b> Permiten la navegaci\u00f3n en el sitio web, el uso de aplicaciones y el acceso a \u00e1reas seguras del sitio. Sin estas cookies, los servicios requeridos no pueden prestarse de manera adecuada.<\/li><li style=\"font-weight: 400;\" aria-level=\"1\"><b>Cookies anal\u00edticas: <\/b>Recopilan datos estad\u00edsticos an\u00f3nimos con el prop\u00f3sito de analizar el uso y el desempe\u00f1o de la plataforma.<\/li><li style=\"font-weight: 400;\" aria-level=\"1\"><b>Cookies de funcionalidad:<\/b> Aseguran la disponibilidad de funciones adicionales en las plataformas o guardan las preferencias del usuario al usar la plataforma, siempre que utilice el mismo dispositivo.<\/li><\/ul><h3>3.3. \u00c9 poss\u00edvel controlar ou excluir Cookies?<\/h3><p>La mayor\u00eda de los navegadores de Internet est\u00e1n configurados para aceptar cookies autom\u00e1ticamente.<\/p><p>El usuario puede cambiar la configuraci\u00f3n para bloquear el uso de cookies o recibir una alerta cuando se env\u00ede una cookie a su dispositivo. Existen varias formas de gestionar las cookies.<\/p><p>Consulte las instrucciones de su navegador o la secci\u00f3n de ayuda para obtener m\u00e1s informaci\u00f3n sobre c\u00f3mo ajustar o cambiar la configuraci\u00f3n.<\/p><p>Al deshabilitar las cookies, el usuario podr\u00eda no poder acceder a ciertas \u00e1reas de nuestras p\u00e1ginas o no recibir informaci\u00f3n personalizada al visitarlas.<\/p><p>Si el usuario utiliza diferentes dispositivos para acceder a nuestras Plataformas Digitales (por ejemplo, computadora, smartphone, tableta, etc.), debe asegurarse de que cada navegador en cada dispositivo est\u00e9 configurado seg\u00fan sus preferencias respecto a las cookies.<\/p><h3>3.4. Informa\u00e7\u00f5es sobre os Cookies<\/h3><p>En el sitio positivosmais.com utilizamos los siguientes tipos de cookies:<\/p><ul><li style=\"font-weight: 400;\" aria-level=\"1\">Cookies estrictamente necesarias<\/li><li style=\"font-weight: 400;\" aria-level=\"1\">Cookies de desempe\u00f1o<\/li><li style=\"font-weight: 400;\" aria-level=\"1\">Cookies de funcionalidad<\/li><li style=\"font-weight: 400;\" aria-level=\"1\">Cookies de publicidad<\/li><\/ul><h2><b>4. Disposiciones generales<\/b><\/h2><p>Esta Pol\u00edtica de Cookies est\u00e1 sujeta a modificaciones regulares para garantizar que est\u00e9 actualizada conforme a la legislaci\u00f3n aplicable.<\/p>\t\t\t\t\t\t\t\t<\/div>\n\t\t\t\t<\/div>\n\t\t\t\t<\/div>\n\t\t\t\t\t<\/div>\n\t\t\t\t<\/div>\n\t\t\t\t<\/div>\n\t\t","protected":false},"excerpt":{"rendered":"<p>1. Objetivo Esta Pol\u00edtica de Cookies se aplica a cualquier sitio web, aplicaci\u00f3n o plataforma operada por la empresa ALGAR TI CONSULTORIA S\/A, en adelante denominada colectivamente e indistintamente como &#8220;Positivo S+&#8221;, o en nuestro nombre (&#8220;nuestras Plataformas Digitales&#8221;). Positivo S+ busca explicar, de manera transparente y espec\u00edfica a trav\u00e9s de esta Pol\u00edtica de Cookies, [&hellip;]<\/p>\n","protected":false},"author":1,"featured_media":0,"parent":0,"menu_order":0,"comment_status":"closed","ping_status":"closed","template":"","meta":{"footnotes":""},"class_list":["post-3083","page","type-page","status-publish","hentry"],"_links":{"self":[{"href":"https:\/\/www.positivosmais.com\/es\/wp-json\/wp\/v2\/pages\/3083","targetHints":{"allow":["GET"]}}],"collection":[{"href":"https:\/\/www.positivosmais.com\/es\/wp-json\/wp\/v2\/pages"}],"about":[{"href":"https:\/\/www.positivosmais.com\/es\/wp-json\/wp\/v2\/types\/page"}],"author":[{"embeddable":true,"href":"https:\/\/www.positivosmais.com\/es\/wp-json\/wp\/v2\/users\/1"}],"replies":[{"embeddable":true,"href":"https:\/\/www.positivosmais.com\/es\/wp-json\/wp\/v2\/comments?post=3083"}],"version-history":[{"count":10,"href":"https:\/\/www.positivosmais.com\/es\/wp-json\/wp\/v2\/pages\/3083\/revisions"}],"predecessor-version":[{"id":3507,"href":"https:\/\/www.positivosmais.com\/es\/wp-json\/wp\/v2\/pages\/3083\/revisions\/3507"}],"wp:attachment":[{"href":"https:\/\/www.positivosmais.com\/es\/wp-json\/wp\/v2\/media?parent=3083"}],"curies":[{"name":"wp","href":"https:\/\/api.w.org\/{rel}","templated":true}]}}