{"id":3079,"date":"2024-12-09T09:43:05","date_gmt":"2024-12-09T12:43:05","guid":{"rendered":"https:\/\/www.positivosmais.com\/ley-general-de-proteccion-de-datos\/"},"modified":"2025-01-31T17:43:46","modified_gmt":"2025-01-31T20:43:46","slug":"ley-general-de-proteccion-de-datos","status":"publish","type":"page","link":"https:\/\/www.positivosmais.com\/es\/ley-general-de-proteccion-de-datos\/","title":{"rendered":"Ley General de Protecci\u00f3n de Datos"},"content":{"rendered":"\t\t<div data-elementor-type=\"wp-page\" data-elementor-id=\"3079\" class=\"elementor elementor-3079 elementor-985\" data-elementor-post-type=\"page\">\n\t\t\t\t<div class=\"elementor-element elementor-element-feb5a23 e-flex e-con-boxed e-con e-parent\" data-id=\"feb5a23\" data-element_type=\"container\" data-e-type=\"container\" data-settings=\"{&quot;jet_parallax_layout_list&quot;:[]}\">\n\t\t\t\t\t<div class=\"e-con-inner\">\n\t\t\t\t<div class=\"elementor-element elementor-element-80d2cbf elementor-widget elementor-widget-heading\" data-id=\"80d2cbf\" data-element_type=\"widget\" data-e-type=\"widget\" data-widget_type=\"heading.default\">\n\t\t\t\t<div class=\"elementor-widget-container\">\n\t\t\t\t\t<h1 class=\"elementor-heading-title elementor-size-default\">Ley General de Protecci\u00f3n de Datos<\/h1>\t\t\t\t<\/div>\n\t\t\t\t<\/div>\n\t\t\t\t\t<\/div>\n\t\t\t\t<\/div>\n\t\t<div class=\"elementor-element elementor-element-270d8d1 e-flex e-con-boxed e-con e-parent\" data-id=\"270d8d1\" data-element_type=\"container\" data-e-type=\"container\" data-settings=\"{&quot;jet_parallax_layout_list&quot;:[]}\">\n\t\t\t\t\t<div class=\"e-con-inner\">\n\t\t\t\t<div class=\"elementor-element elementor-element-43fd80c elementor-nav-menu--stretch elementor-nav-menu--dropdown-tablet elementor-nav-menu__text-align-aside elementor-nav-menu--toggle elementor-nav-menu--burger elementor-widget elementor-widget-nav-menu\" data-id=\"43fd80c\" data-element_type=\"widget\" data-e-type=\"widget\" data-settings=\"{&quot;full_width&quot;:&quot;stretch&quot;,&quot;layout&quot;:&quot;horizontal&quot;,&quot;submenu_icon&quot;:{&quot;value&quot;:&quot;&lt;svg class=\\&quot;e-font-icon-svg e-fas-caret-down\\&quot; viewBox=\\&quot;0 0 320 512\\&quot; xmlns=\\&quot;http:\\\/\\\/www.w3.org\\\/2000\\\/svg\\&quot;&gt;&lt;path d=\\&quot;M31.3 192h257.3c17.8 0 26.7 21.5 14.1 34.1L174.1 354.8c-7.8 7.8-20.5 7.8-28.3 0L17.2 226.1C4.6 213.5 13.5 192 31.3 192z\\&quot;&gt;&lt;\\\/path&gt;&lt;\\\/svg&gt;&quot;,&quot;library&quot;:&quot;fa-solid&quot;},&quot;toggle&quot;:&quot;burger&quot;}\" data-widget_type=\"nav-menu.default\">\n\t\t\t\t<div class=\"elementor-widget-container\">\n\t\t\t\t\t\t\t\t<nav aria-label=\"Menu\" class=\"elementor-nav-menu--main elementor-nav-menu__container elementor-nav-menu--layout-horizontal e--pointer-underline e--animation-fade\">\n\t\t\t\t<ul id=\"menu-1-43fd80c\" class=\"elementor-nav-menu\"><li class=\"menu-item menu-item-type-post_type menu-item-object-page menu-item-994\"><a href=\"https:\/\/www.positivosmais.com\/politica-de-privacidade\/\" class=\"elementor-item\">Pol\u00edtica de Privacidad<\/a><\/li>\n<li class=\"menu-item menu-item-type-post_type menu-item-object-page menu-item-993\"><a href=\"https:\/\/www.positivosmais.com\/politica-de-cookies\/\" class=\"elementor-item\">Pol\u00edtica de Cookies<\/a><\/li>\n<li class=\"menu-item menu-item-type-post_type menu-item-object-page menu-item-992\"><a href=\"https:\/\/www.positivosmais.com\/politica-de-seguranca-da-informacao\/\" class=\"elementor-item\">Pol\u00edticas de Seguridad de la Informaci\u00f3n<\/a><\/li>\n<li class=\"menu-item menu-item-type-post_type menu-item-object-page menu-item-991\"><a href=\"https:\/\/www.positivosmais.com\/termos-de-uso\/\" class=\"elementor-item\">T\u00e9rminos y Condiciones de Uso<\/a><\/li>\n<li class=\"menu-item menu-item-type-post_type menu-item-object-page menu-item-990\"><a href=\"https:\/\/www.positivosmais.com\/lei-geral-de-protecao-de-dados\/\" class=\"elementor-item\">Ley General de Protecci\u00f3n de Datos<\/a><\/li>\n<\/ul>\t\t\t<\/nav>\n\t\t\t\t\t<div class=\"elementor-menu-toggle\" role=\"button\" tabindex=\"0\" aria-label=\"Alternar men\u00fa\" aria-expanded=\"false\">\n\t\t\t<svg aria-hidden=\"true\" role=\"presentation\" class=\"elementor-menu-toggle__icon--open e-font-icon-svg e-eicon-menu-bar\" viewBox=\"0 0 1000 1000\" xmlns=\"http:\/\/www.w3.org\/2000\/svg\"><path d=\"M104 333H896C929 333 958 304 958 271S929 208 896 208H104C71 208 42 237 42 271S71 333 104 333ZM104 583H896C929 583 958 554 958 521S929 458 896 458H104C71 458 42 487 42 521S71 583 104 583ZM104 833H896C929 833 958 804 958 771S929 708 896 708H104C71 708 42 737 42 771S71 833 104 833Z\"><\/path><\/svg><svg aria-hidden=\"true\" role=\"presentation\" class=\"elementor-menu-toggle__icon--close e-font-icon-svg e-eicon-close\" viewBox=\"0 0 1000 1000\" xmlns=\"http:\/\/www.w3.org\/2000\/svg\"><path d=\"M742 167L500 408 258 167C246 154 233 150 217 150 196 150 179 158 167 167 154 179 150 196 150 212 150 229 154 242 171 254L408 500 167 742C138 771 138 800 167 829 196 858 225 858 254 829L496 587 738 829C750 842 767 846 783 846 800 846 817 842 829 829 842 817 846 804 846 783 846 767 842 750 829 737L588 500 833 258C863 229 863 200 833 171 804 137 775 137 742 167Z\"><\/path><\/svg>\t\t<\/div>\n\t\t\t\t\t<nav class=\"elementor-nav-menu--dropdown elementor-nav-menu__container\" aria-hidden=\"true\">\n\t\t\t\t<ul id=\"menu-2-43fd80c\" class=\"elementor-nav-menu\"><li class=\"menu-item menu-item-type-post_type menu-item-object-page menu-item-994\"><a href=\"https:\/\/www.positivosmais.com\/politica-de-privacidade\/\" class=\"elementor-item\" tabindex=\"-1\">Pol\u00edtica de Privacidad<\/a><\/li>\n<li class=\"menu-item menu-item-type-post_type menu-item-object-page menu-item-993\"><a href=\"https:\/\/www.positivosmais.com\/politica-de-cookies\/\" class=\"elementor-item\" tabindex=\"-1\">Pol\u00edtica de Cookies<\/a><\/li>\n<li class=\"menu-item menu-item-type-post_type menu-item-object-page menu-item-992\"><a href=\"https:\/\/www.positivosmais.com\/politica-de-seguranca-da-informacao\/\" class=\"elementor-item\" tabindex=\"-1\">Pol\u00edticas de Seguridad de la Informaci\u00f3n<\/a><\/li>\n<li class=\"menu-item menu-item-type-post_type menu-item-object-page menu-item-991\"><a href=\"https:\/\/www.positivosmais.com\/termos-de-uso\/\" class=\"elementor-item\" tabindex=\"-1\">T\u00e9rminos y Condiciones de Uso<\/a><\/li>\n<li class=\"menu-item menu-item-type-post_type menu-item-object-page menu-item-990\"><a href=\"https:\/\/www.positivosmais.com\/lei-geral-de-protecao-de-dados\/\" class=\"elementor-item\" tabindex=\"-1\">Ley General de Protecci\u00f3n de Datos<\/a><\/li>\n<\/ul>\t\t\t<\/nav>\n\t\t\t\t\t\t<\/div>\n\t\t\t\t<\/div>\n\t\t\t\t\t<\/div>\n\t\t\t\t<\/div>\n\t\t<div class=\"elementor-element elementor-element-9dc690d e-flex e-con-boxed e-con e-parent\" data-id=\"9dc690d\" data-element_type=\"container\" data-e-type=\"container\" data-settings=\"{&quot;jet_parallax_layout_list&quot;:[]}\">\n\t\t\t\t\t<div class=\"e-con-inner\">\n\t\t<div class=\"elementor-element elementor-element-b91e1ea e-con-full e-flex e-con e-child\" data-id=\"b91e1ea\" data-element_type=\"container\" data-e-type=\"container\" data-settings=\"{&quot;jet_parallax_layout_list&quot;:[],&quot;sticky&quot;:&quot;top&quot;,&quot;sticky_on&quot;:[&quot;desktop&quot;],&quot;sticky_offset&quot;:100,&quot;sticky_effects_offset&quot;:0,&quot;sticky_anchor_link_offset&quot;:0}\">\n\t\t\t\t<div class=\"elementor-element elementor-element-1450486 elementor-widget elementor-widget-table-of-contents\" data-id=\"1450486\" data-element_type=\"widget\" data-e-type=\"widget\" data-settings=\"{&quot;exclude_headings_by_selector&quot;:[],&quot;marker_view&quot;:&quot;bullets&quot;,&quot;icon&quot;:{&quot;value&quot;:&quot;&quot;,&quot;library&quot;:&quot;&quot;},&quot;no_headings_message&quot;:&quot;N\\u00e3o foram encontrados cabe\\u00e7alhos nesta p\\u00e1gina.&quot;,&quot;headings_by_tags&quot;:[&quot;h2&quot;,&quot;h3&quot;,&quot;h4&quot;,&quot;h5&quot;,&quot;h6&quot;],&quot;hierarchical_view&quot;:&quot;yes&quot;,&quot;min_height&quot;:{&quot;unit&quot;:&quot;px&quot;,&quot;size&quot;:&quot;&quot;,&quot;sizes&quot;:[]},&quot;min_height_tablet&quot;:{&quot;unit&quot;:&quot;px&quot;,&quot;size&quot;:&quot;&quot;,&quot;sizes&quot;:[]},&quot;min_height_mobile&quot;:{&quot;unit&quot;:&quot;px&quot;,&quot;size&quot;:&quot;&quot;,&quot;sizes&quot;:[]}}\" data-widget_type=\"table-of-contents.default\">\n\t\t\t\t<div class=\"elementor-widget-container\">\n\t\t\t\t\t\t\t<div class=\"elementor-toc__header\">\n\t\t\t<h4 class=\"elementor-toc__header-title\">\n\t\t\t\t\t\t\t<\/h4>\n\t\t\t\t\t<\/div>\n\t\t<div id=\"elementor-toc__1450486\" class=\"elementor-toc__body\">\n\t\t\t<div class=\"elementor-toc__spinner-container\">\n\t\t\t\t<svg class=\"elementor-toc__spinner eicon-animation-spin e-font-icon-svg e-eicon-loading\" aria-hidden=\"true\" viewBox=\"0 0 1000 1000\" xmlns=\"http:\/\/www.w3.org\/2000\/svg\"><path d=\"M500 975V858C696 858 858 696 858 500S696 142 500 142 142 304 142 500H25C25 237 238 25 500 25S975 237 975 500 763 975 500 975Z\"><\/path><\/svg>\t\t\t<\/div>\n\t\t<\/div>\n\t\t\t\t\t\t<\/div>\n\t\t\t\t<\/div>\n\t\t\t\t<\/div>\n\t\t<div class=\"elementor-element elementor-element-3560853 e-con-full e-flex e-con e-child\" data-id=\"3560853\" data-element_type=\"container\" data-e-type=\"container\" data-settings=\"{&quot;jet_parallax_layout_list&quot;:[]}\">\n\t\t\t\t<div class=\"elementor-element elementor-element-995c2d7 elementor-widget elementor-widget-text-editor\" data-id=\"995c2d7\" data-element_type=\"widget\" data-e-type=\"widget\" data-widget_type=\"text-editor.default\">\n\t\t\t\t<div class=\"elementor-widget-container\">\n\t\t\t\t\t\t\t\t\t<h2><b>\u00bfQu\u00e9 es la LGPD?<\/b><\/h2><p><span style=\"font-weight: 400;\">La LGPD (Ley General de Protecci\u00f3n de Datos) es una legislaci\u00f3n brasile\u00f1a que regula la protecci\u00f3n de datos personales y entr\u00f3 en vigor en septiembre de 2020. Su principal objetivo es establecer directrices y normas para el tratamiento de informaci\u00f3n personal por parte de organizaciones p\u00fablicas y privadas, protegiendo la privacidad y los derechos de las personas en relaci\u00f3n con sus datos.<\/span><\/p><p><span style=\"font-weight: 400;\">Con el fin de garantizar la seguridad y privacidad de los datos personales, Positivo S+ ha invertido en la adecuaci\u00f3n de sus procesos internos, pol\u00edticas y herramientas, buscando proteger los derechos fundamentales de privacidad y libertad de los individuos en relaci\u00f3n con el tratamiento de sus datos personales.<\/span><\/p><h2><b>Derechos del Titular de los Datos<\/b><\/h2><h3><span style=\"font-weight: 400;\">Confirmaci\u00f3n del Tratamiento<\/span><\/h3><p><span style=\"font-weight: 400;\">Usted tiene derecho a confirmar si Positivo S+, como controlador, realiza el tratamiento de sus datos personales.<\/span><\/p><h4><i><span style=\"font-weight: 400;\">Acceso a los Datos<\/span><\/i><\/h4><p><span style=\"font-weight: 400;\">Puede solicitar informaci\u00f3n sobre el tratamiento de sus datos personales dentro de los l\u00edmites previstos por la LGPD.<\/span><\/p><h3><span style=\"font-weight: 400;\">Correcci\u00f3n de Datos<\/span><\/h3><p><span style=\"font-weight: 400;\">Puede solicitar la correcci\u00f3n de sus datos personales si estos est\u00e1n desactualizados, incompletos o son inexactos.<\/span><\/p><h3><span style=\"font-weight: 400;\">Anonimato, Bloqueo o Eliminaci\u00f3n de Datos<\/span><\/h3><p><span style=\"font-weight: 400;\">Conforme a la LGPD, siempre que sea posible, sus datos personales pueden ser anonimizados, es decir, tratados de manera que no permitan su identificaci\u00f3n. Asimismo, tiene derecho a solicitar la correcci\u00f3n de datos incorrectos o incompletos. Si los datos personales no son de mantenimiento obligatorio por requerimiento legal, podr\u00e1 solicitar su eliminaci\u00f3n.<\/span><\/p><h3><span style=\"font-weight: 400;\">Portabilidad<\/span><\/h3><p><span style=\"font-weight: 400;\">Usted tiene derecho a solicitar en cualquier momento la portabilidad de sus datos personales, dentro de los l\u00edmites establecidos por la LGPD.<\/span><\/p><h3><span style=\"font-weight: 400;\">Revocaci\u00f3n del Consentimiento para el Tratamiento de Datos<\/span><\/h3><p><span style=\"font-weight: 400;\">Puede revocar su consentimiento para el tratamiento de sus datos personales en cualquier momento de manera expresa, gratuita y sencilla. La revocaci\u00f3n puede aplicarse si hay cambios en la finalidad, forma o duraci\u00f3n del tratamiento, y si dichos cambios no son compatibles con el consentimiento otorgado originalmente.<\/span><\/p><h3><span style=\"font-weight: 400;\">Compartici\u00f3n de Datos Personales<\/span><\/h3><p><span style=\"font-weight: 400;\">Usted tiene derecho a conocer con qu\u00e9 entidades Positivo S+ comparte sus datos personales y con qu\u00e9 fines.<\/span><\/p><p><b>Portal del Titular<\/b><\/p><p><span style=\"font-weight: 400;\">Con el objetivo de garantizar transparencia en el tratamiento de los datos personales, Positivo S+ pone a disposici\u00f3n el Portal del Titular, donde podr\u00e1 ejercer los derechos previstos en la LGPD completando el formulario disponible en este enlace:<\/span><\/p><p><a href=\"https:\/\/www.positivosmais.com\/portal-do-titular\/\"><span style=\"font-weight: 400;\">Portal del Titular <\/span><\/a><\/p><p><b>Importante<\/b><\/p><p><span style=\"font-weight: 400;\">Al ejercer sus derechos a trav\u00e9s de este canal, sus datos personales ser\u00e1n recolectados para an\u00e1lisis, dado que es necesario establecer medios de contacto entre el titular y el controlador para cumplir con los derechos previstos en la LGPD.<\/span><\/p><p><span style=\"font-weight: 400;\">Base legal: Este tratamiento se fundamenta en el cumplimiento de una obligaci\u00f3n legal.<\/span><\/p><p><span style=\"font-weight: 400;\">Retenci\u00f3n de datos: Tras ser enviados, independientemente del derecho ejercido, sus datos podr\u00e1n ser retenidos con acceso restringido y encriptado para auditor\u00edas realizadas por la Autoridad Nacional de Protecci\u00f3n de Datos (ANPD), a fin de verificar el cumplimiento efectivo de su solicitud por parte de Positivo S+.<\/span><\/p><p><span style=\"font-weight: 400;\">Para cualquier consulta relacionada con su privacidad, puede contactarnos a trav\u00e9s del correo electr\u00f3nico: <a href=\"mailto:dataprivacy@positivosmais.com\">dataprivacy@positivosmais.com<\/a><\/span><\/p>\t\t\t\t\t\t\t\t<\/div>\n\t\t\t\t<\/div>\n\t\t\t\t<\/div>\n\t\t\t\t\t<\/div>\n\t\t\t\t<\/div>\n\t\t\t\t<\/div>\n\t\t","protected":false},"excerpt":{"rendered":"<p>\u00bfQu\u00e9 es la LGPD? La LGPD (Ley General de Protecci\u00f3n de Datos) es una legislaci\u00f3n brasile\u00f1a que regula la protecci\u00f3n de datos personales y entr\u00f3 en vigor en septiembre de 2020. Su principal objetivo es establecer directrices y normas para el tratamiento de informaci\u00f3n personal por parte de organizaciones p\u00fablicas y privadas, protegiendo la privacidad [&hellip;]<\/p>\n","protected":false},"author":1,"featured_media":0,"parent":0,"menu_order":0,"comment_status":"closed","ping_status":"closed","template":"","meta":{"footnotes":""},"class_list":["post-3079","page","type-page","status-publish","hentry"],"_links":{"self":[{"href":"https:\/\/www.positivosmais.com\/es\/wp-json\/wp\/v2\/pages\/3079","targetHints":{"allow":["GET"]}}],"collection":[{"href":"https:\/\/www.positivosmais.com\/es\/wp-json\/wp\/v2\/pages"}],"about":[{"href":"https:\/\/www.positivosmais.com\/es\/wp-json\/wp\/v2\/types\/page"}],"author":[{"embeddable":true,"href":"https:\/\/www.positivosmais.com\/es\/wp-json\/wp\/v2\/users\/1"}],"replies":[{"embeddable":true,"href":"https:\/\/www.positivosmais.com\/es\/wp-json\/wp\/v2\/comments?post=3079"}],"version-history":[{"count":7,"href":"https:\/\/www.positivosmais.com\/es\/wp-json\/wp\/v2\/pages\/3079\/revisions"}],"predecessor-version":[{"id":3510,"href":"https:\/\/www.positivosmais.com\/es\/wp-json\/wp\/v2\/pages\/3079\/revisions\/3510"}],"wp:attachment":[{"href":"https:\/\/www.positivosmais.com\/es\/wp-json\/wp\/v2\/media?parent=3079"}],"curies":[{"name":"wp","href":"https:\/\/api.w.org\/{rel}","templated":true}]}}