{"id":2912,"date":"2024-12-11T11:13:56","date_gmt":"2024-12-11T14:13:56","guid":{"rendered":"https:\/\/www.positivosmais.com\/voluntariado\/"},"modified":"2025-01-21T13:46:09","modified_gmt":"2025-01-21T16:46:09","slug":"voluntariado","status":"publish","type":"page","link":"https:\/\/www.positivosmais.com\/es\/voluntariado\/","title":{"rendered":"Voluntariado"},"content":{"rendered":"\t\t<div data-elementor-type=\"wp-page\" data-elementor-id=\"2912\" class=\"elementor elementor-2912 elementor-1045\" data-elementor-post-type=\"page\">\n\t\t\t\t<div class=\"elementor-element elementor-element-67aad1f e-flex e-con-boxed e-con e-parent\" data-id=\"67aad1f\" data-element_type=\"container\" data-e-type=\"container\" data-settings=\"{&quot;jet_parallax_layout_list&quot;:[]}\">\n\t\t\t\t\t<div class=\"e-con-inner\">\n\t\t\t\t<div class=\"elementor-element elementor-element-76a5445 elementor-widget elementor-widget-heading\" data-id=\"76a5445\" data-element_type=\"widget\" data-e-type=\"widget\" data-widget_type=\"heading.default\">\n\t\t\t\t<div class=\"elementor-widget-container\">\n\t\t\t\t\t<h1 class=\"elementor-heading-title elementor-size-default\">VOLUNTARIADO<\/h1>\t\t\t\t<\/div>\n\t\t\t\t<\/div>\n\t\t\t\t\t<\/div>\n\t\t\t\t<\/div>\n\t\t<div class=\"elementor-element elementor-element-316fbc0 e-flex e-con-boxed e-con e-parent\" data-id=\"316fbc0\" data-element_type=\"container\" data-e-type=\"container\" data-settings=\"{&quot;background_background&quot;:&quot;classic&quot;,&quot;jet_parallax_layout_list&quot;:[]}\">\n\t\t\t\t\t<div class=\"e-con-inner\">\n\t\t<div class=\"elementor-element elementor-element-8b44d31 e-con-full e-flex e-con e-child\" data-id=\"8b44d31\" data-element_type=\"container\" data-e-type=\"container\" data-settings=\"{&quot;background_background&quot;:&quot;classic&quot;,&quot;jet_parallax_layout_list&quot;:[]}\">\n\t\t<div class=\"elementor-element elementor-element-884c2c6 e-con-full e-flex e-con e-child\" data-id=\"884c2c6\" data-element_type=\"container\" data-e-type=\"container\" data-settings=\"{&quot;jet_parallax_layout_list&quot;:[]}\">\n\t\t\t\t<div class=\"elementor-element elementor-element-f8ec59f elementor-widget elementor-widget-image\" data-id=\"f8ec59f\" data-element_type=\"widget\" data-e-type=\"widget\" data-widget_type=\"image.default\">\n\t\t\t\t<div class=\"elementor-widget-container\">\n\t\t\t\t\t\t\t\t\t\t\t\t\t\t\t<img fetchpriority=\"high\" decoding=\"async\" width=\"800\" height=\"438\" src=\"https:\/\/www.positivosmais.com\/wp-content\/uploads\/2024\/12\/banner-voluntariado-1024x561.png\" class=\"attachment-large size-large wp-image-2601\" alt=\"\" srcset=\"https:\/\/www.positivosmais.com\/wp-content\/uploads\/2024\/12\/banner-voluntariado-1024x561.png 1024w, https:\/\/www.positivosmais.com\/wp-content\/uploads\/2024\/12\/banner-voluntariado-300x164.png 300w, https:\/\/www.positivosmais.com\/wp-content\/uploads\/2024\/12\/banner-voluntariado-768x421.png 768w, https:\/\/www.positivosmais.com\/wp-content\/uploads\/2024\/12\/banner-voluntariado.png 1274w\" sizes=\"(max-width: 800px) 100vw, 800px\" \/>\t\t\t\t\t\t\t\t\t\t\t\t\t\t\t<\/div>\n\t\t\t\t<\/div>\n\t\t\t\t<\/div>\n\t\t<div class=\"elementor-element elementor-element-067740e e-con-full e-flex e-con e-child\" data-id=\"067740e\" data-element_type=\"container\" data-e-type=\"container\" data-settings=\"{&quot;jet_parallax_layout_list&quot;:[]}\">\n\t\t\t\t<div class=\"elementor-element elementor-element-0c72b1e elementor-widget elementor-widget-heading\" data-id=\"0c72b1e\" data-element_type=\"widget\" data-e-type=\"widget\" data-widget_type=\"heading.default\">\n\t\t\t\t<div class=\"elementor-widget-container\">\n\t\t\t\t\t<h2 class=\"elementor-heading-title elementor-size-default\">Transformar vidas est\u00e1 en nuestro prop\u00f3sito<\/h2>\t\t\t\t<\/div>\n\t\t\t\t<\/div>\n\t\t\t\t<\/div>\n\t\t\t\t<\/div>\n\t\t\t\t\t<\/div>\n\t\t\t\t<\/div>\n\t\t<div class=\"elementor-element elementor-element-6288587 e-flex e-con-boxed e-con e-parent\" data-id=\"6288587\" data-element_type=\"container\" data-e-type=\"container\" data-settings=\"{&quot;jet_parallax_layout_list&quot;:[]}\">\n\t\t\t\t\t<div class=\"e-con-inner\">\n\t\t\t\t<div class=\"elementor-element elementor-element-f3ae4da elementor-widget__width-initial elementor-widget elementor-widget-text-editor\" data-id=\"f3ae4da\" data-element_type=\"widget\" data-e-type=\"widget\" data-widget_type=\"text-editor.default\">\n\t\t\t\t<div class=\"elementor-widget-container\">\n\t\t\t\t\t\t\t\t\t<p>En Positivo S+, creemos que nuestra responsabilidad va m\u00e1s all\u00e1 de crear soluciones tecnol\u00f3gicas. Estamos comprometidos en hacer la diferencia en las comunidades donde operamos, integrando pr\u00e1cticas de ESG (Ambiental, Social y Gobernanza) en nuestra cultura para promover un impacto positivo y duradero en la sociedad. <\/p>\n<p>Creemos en el poder de la colectividad e incentivamos a nuestros colaboradores a involucrarse en acciones que impacten positivamente las comunidades donde estamos presentes. A trav\u00e9s de campa\u00f1as solidarias e iniciativas sociales, promovemos valores como la empat\u00eda, la ciudadan\u00eda y la responsabilidad, que est\u00e1n en el coraz\u00f3n de nuestra cultura. <\/p>\n<p>Transformar la realidad de quienes m\u00e1s lo necesitan forma parte de nuestra esencia.<\/p>\n<p>En Positivo S+, cada gesto cuenta, y juntos construimos un impacto que trasciende fronteras.<\/p>\n\t\t\t\t\t\t\t\t<\/div>\n\t\t\t\t<\/div>\n\t\t\t\t\t<\/div>\n\t\t\t\t<\/div>\n\t\t<div class=\"elementor-element elementor-element-45aecfb e-flex e-con-boxed e-con e-parent\" data-id=\"45aecfb\" data-element_type=\"container\" data-e-type=\"container\" data-settings=\"{&quot;background_background&quot;:&quot;classic&quot;,&quot;jet_parallax_layout_list&quot;:[]}\">\n\t\t\t\t\t<div class=\"e-con-inner\">\n\t\t<div class=\"elementor-element elementor-element-ca37726 e-con-full e-flex e-con e-child\" data-id=\"ca37726\" data-element_type=\"container\" data-e-type=\"container\" data-settings=\"{&quot;jet_parallax_layout_list&quot;:[]}\">\n\t\t\t\t<div class=\"elementor-element elementor-element-9075d43 elementor-widget elementor-widget-heading\" data-id=\"9075d43\" data-element_type=\"widget\" data-e-type=\"widget\" data-widget_type=\"heading.default\">\n\t\t\t\t<div class=\"elementor-widget-container\">\n\t\t\t\t\t<h3 class=\"elementor-heading-title elementor-size-default\">\u00a1Transforme el mundo con nosotros!<\/h3>\t\t\t\t<\/div>\n\t\t\t\t<\/div>\n\t\t\t\t<div class=\"elementor-element elementor-element-91b9b79 elementor-widget-divider--view-line elementor-widget elementor-widget-divider\" data-id=\"91b9b79\" data-element_type=\"widget\" data-e-type=\"widget\" data-widget_type=\"divider.default\">\n\t\t\t\t<div class=\"elementor-widget-container\">\n\t\t\t\t\t\t\t<div class=\"elementor-divider\">\n\t\t\t<span class=\"elementor-divider-separator\">\n\t\t\t\t\t\t<\/span>\n\t\t<\/div>\n\t\t\t\t\t\t<\/div>\n\t\t\t\t<\/div>\n\t\t\t\t<\/div>\n\t\t<div class=\"elementor-element elementor-element-ec4f9dd e-con-full e-flex e-con e-child\" data-id=\"ec4f9dd\" data-element_type=\"container\" data-e-type=\"container\" data-settings=\"{&quot;jet_parallax_layout_list&quot;:[]}\">\n\t\t<div class=\"elementor-element elementor-element-4331467 e-con-full e-flex e-con e-child\" data-id=\"4331467\" data-element_type=\"container\" data-e-type=\"container\" data-settings=\"{&quot;jet_parallax_layout_list&quot;:[]}\">\n\t\t\t\t<div class=\"elementor-element elementor-element-cc4e0ac elementor-widget elementor-widget-image\" data-id=\"cc4e0ac\" data-element_type=\"widget\" data-e-type=\"widget\" data-widget_type=\"image.default\">\n\t\t\t\t<div class=\"elementor-widget-container\">\n\t\t\t\t\t\t\t\t\t\t\t\t\t\t\t<img decoding=\"async\" width=\"800\" height=\"475\" src=\"https:\/\/www.positivosmais.com\/wp-content\/uploads\/2024\/12\/quem-pode-participar.png\" class=\"attachment-large size-large wp-image-2597\" alt=\"\" srcset=\"https:\/\/www.positivosmais.com\/wp-content\/uploads\/2024\/12\/quem-pode-participar.png 862w, https:\/\/www.positivosmais.com\/wp-content\/uploads\/2024\/12\/quem-pode-participar-300x178.png 300w, https:\/\/www.positivosmais.com\/wp-content\/uploads\/2024\/12\/quem-pode-participar-768x456.png 768w\" sizes=\"(max-width: 800px) 100vw, 800px\" \/>\t\t\t\t\t\t\t\t\t\t\t\t\t\t\t<\/div>\n\t\t\t\t<\/div>\n\t\t\t\t<\/div>\n\t\t<div class=\"elementor-element elementor-element-4891938 e-con-full e-flex e-con e-child\" data-id=\"4891938\" data-element_type=\"container\" data-e-type=\"container\" data-settings=\"{&quot;jet_parallax_layout_list&quot;:[]}\">\n\t\t\t\t<div class=\"elementor-element elementor-element-9343fa2 elementor-widget elementor-widget-heading\" data-id=\"9343fa2\" data-element_type=\"widget\" data-e-type=\"widget\" data-widget_type=\"heading.default\">\n\t\t\t\t<div class=\"elementor-widget-container\">\n\t\t\t\t\t<h2 class=\"elementor-heading-title elementor-size-default\">\u00bfQui\u00e9n puede participar?<\/h2>\t\t\t\t<\/div>\n\t\t\t\t<\/div>\n\t\t\t\t<div class=\"elementor-element elementor-element-d37b899 elementor-widget__width-initial elementor-widget elementor-widget-text-editor\" data-id=\"d37b899\" data-element_type=\"widget\" data-e-type=\"widget\" data-widget_type=\"text-editor.default\">\n\t\t\t\t<div class=\"elementor-widget-container\">\n\t\t\t\t\t\t\t\t\t<p>Todos los colaboradores de Positivo S+ est\u00e1n invitados a participar en acciones sociales promovidas internamente o a trav\u00e9s de iniciativas comunitarias.<\/p>\n\t\t\t\t\t\t\t\t<\/div>\n\t\t\t\t<\/div>\n\t\t\t\t<\/div>\n\t\t\t\t<\/div>\n\t\t<div class=\"elementor-element elementor-element-1900d82 e-con-full e-flex e-con e-child\" data-id=\"1900d82\" data-element_type=\"container\" data-e-type=\"container\" data-settings=\"{&quot;jet_parallax_layout_list&quot;:[]}\">\n\t\t<div class=\"elementor-element elementor-element-1f3dcd4 e-con-full e-flex e-con e-child\" data-id=\"1f3dcd4\" data-element_type=\"container\" data-e-type=\"container\" data-settings=\"{&quot;jet_parallax_layout_list&quot;:[]}\">\n\t\t\t\t<div class=\"elementor-element elementor-element-9138a72 elementor-widget elementor-widget-heading\" data-id=\"9138a72\" data-element_type=\"widget\" data-e-type=\"widget\" data-widget_type=\"heading.default\">\n\t\t\t\t<div class=\"elementor-widget-container\">\n\t\t\t\t\t<h2 class=\"elementor-heading-title elementor-size-default\">\u00bfD\u00f3nde se realizan las acciones?<\/h2>\t\t\t\t<\/div>\n\t\t\t\t<\/div>\n\t\t\t\t<div class=\"elementor-element elementor-element-bb5ff26 elementor-widget__width-initial elementor-widget elementor-widget-text-editor\" data-id=\"bb5ff26\" data-element_type=\"widget\" data-e-type=\"widget\" data-widget_type=\"text-editor.default\">\n\t\t\t\t<div class=\"elementor-widget-container\">\n\t\t\t\t\t\t\t\t\t<p>Nuestras iniciativas sociales y campa\u00f1as solidarias se realizan en diversas ciudades de Brasil, as\u00ed como en Colombia y M\u00e9xico. Esto refleja nuestro compromiso de estar presentes donde m\u00e1s importa: al lado de las comunidades que lo necesitan. <\/p>\n\t\t\t\t\t\t\t\t<\/div>\n\t\t\t\t<\/div>\n\t\t\t\t<\/div>\n\t\t<div class=\"elementor-element elementor-element-a49da25 e-con-full e-flex e-con e-child\" data-id=\"a49da25\" data-element_type=\"container\" data-e-type=\"container\" data-settings=\"{&quot;jet_parallax_layout_list&quot;:[]}\">\n\t\t\t\t<div class=\"elementor-element elementor-element-1f1c034 elementor-widget elementor-widget-image\" data-id=\"1f1c034\" data-element_type=\"widget\" data-e-type=\"widget\" data-widget_type=\"image.default\">\n\t\t\t\t<div class=\"elementor-widget-container\">\n\t\t\t\t\t\t\t\t\t\t\t\t\t\t\t<img decoding=\"async\" width=\"800\" height=\"475\" src=\"https:\/\/www.positivosmais.com\/wp-content\/uploads\/2024\/12\/Onde-acontecem-as-acoes.png\" class=\"attachment-large size-large wp-image-2599\" alt=\"\" srcset=\"https:\/\/www.positivosmais.com\/wp-content\/uploads\/2024\/12\/Onde-acontecem-as-acoes.png 862w, https:\/\/www.positivosmais.com\/wp-content\/uploads\/2024\/12\/Onde-acontecem-as-acoes-300x178.png 300w, https:\/\/www.positivosmais.com\/wp-content\/uploads\/2024\/12\/Onde-acontecem-as-acoes-768x456.png 768w\" sizes=\"(max-width: 800px) 100vw, 800px\" \/>\t\t\t\t\t\t\t\t\t\t\t\t\t\t\t<\/div>\n\t\t\t\t<\/div>\n\t\t\t\t<\/div>\n\t\t\t\t<\/div>\n\t\t\t\t\t<\/div>\n\t\t\t\t<\/div>\n\t\t<div class=\"elementor-element elementor-element-7e2bb56 e-flex e-con-boxed e-con e-parent\" data-id=\"7e2bb56\" data-element_type=\"container\" data-e-type=\"container\" data-settings=\"{&quot;jet_parallax_layout_list&quot;:[]}\">\n\t\t\t\t\t<div class=\"e-con-inner\">\n\t\t<div class=\"elementor-element elementor-element-e22a4fc e-con-full e-flex e-con e-child\" data-id=\"e22a4fc\" data-element_type=\"container\" data-e-type=\"container\" data-settings=\"{&quot;jet_parallax_layout_list&quot;:[]}\">\n\t\t\t\t<div class=\"elementor-element elementor-element-a445ac7 elementor-widget elementor-widget-heading\" data-id=\"a445ac7\" data-element_type=\"widget\" data-e-type=\"widget\" data-widget_type=\"heading.default\">\n\t\t\t\t<div class=\"elementor-widget-container\">\n\t\t\t\t\t<h2 class=\"elementor-heading-title elementor-size-default\">Descubra las <strong>novedades<\/strong> del mundo Tech<\/h2>\t\t\t\t<\/div>\n\t\t\t\t<\/div>\n\t\t\t\t<div class=\"elementor-element elementor-element-098b489 elementor-widget elementor-widget-template\" data-id=\"098b489\" data-element_type=\"widget\" data-e-type=\"widget\" data-widget_type=\"template.default\">\n\t\t\t\t<div class=\"elementor-widget-container\">\n\t\t\t\t\t\t\t<div class=\"elementor-template\">\n\t\t\t\t\t<div data-elementor-type=\"section\" data-elementor-id=\"3108\" class=\"elementor elementor-3108 elementor-195 elementor-195\" data-elementor-post-type=\"elementor_library\">\n\t\t\t<div class=\"elementor-element elementor-element-f20b012 e-flex e-con-boxed e-con e-parent\" data-id=\"f20b012\" data-element_type=\"container\" data-e-type=\"container\" data-settings=\"{&quot;jet_parallax_layout_list&quot;:[]}\">\n\t\t\t\t\t<div class=\"e-con-inner\">\n\t\t\t\t<div class=\"elementor-element elementor-element-54ac9a9 elementor-widget elementor-widget-html\" data-id=\"54ac9a9\" data-element_type=\"widget\" data-e-type=\"widget\" data-widget_type=\"html.default\">\n\t\t\t\t<div class=\"elementor-widget-container\">\n\t\t\t\t\t<div role=\"main\" id=\"newsletter-positivo-s-es-d0d52549c4a015d927c3\"><\/div><script type=\"text\/javascript\" src=\"https:\/\/d335luupugsy2.cloudfront.net\/js\/rdstation-forms\/stable\/rdstation-forms.min.js\"><\/script><script type=\"text\/javascript\"> new RDStationForms('newsletter-positivo-s-es-d0d52549c4a015d927c3', 'UA-49275287-3').createForm();<\/script>\t\t\t\t<\/div>\n\t\t\t\t<\/div>\n\t\t\t\t\t<\/div>\n\t\t\t\t<\/div>\n\t\t\t\t<\/div>\n\t\t\t\t<\/div>\n\t\t\t\t\t\t<\/div>\n\t\t\t\t<\/div>\n\t\t\t\t<\/div>\n\t\t\t\t\t<\/div>\n\t\t\t\t<\/div>\n\t\t\t\t<\/div>\n\t\t","protected":false},"excerpt":{"rendered":"<p>VOLUNTARIADO Transformar vidas est\u00e1 en nuestro prop\u00f3sito En Positivo S+, creemos que nuestra responsabilidad va m\u00e1s all\u00e1 de crear soluciones tecnol\u00f3gicas. Estamos comprometidos en hacer la diferencia en las comunidades donde operamos, integrando pr\u00e1cticas de ESG (Ambiental, Social y Gobernanza) en nuestra cultura para promover un impacto positivo y duradero en la sociedad. Creemos en [&hellip;]<\/p>\n","protected":false},"author":1,"featured_media":0,"parent":0,"menu_order":0,"comment_status":"closed","ping_status":"closed","template":"","meta":{"footnotes":""},"class_list":["post-2912","page","type-page","status-publish","hentry"],"_links":{"self":[{"href":"https:\/\/www.positivosmais.com\/es\/wp-json\/wp\/v2\/pages\/2912","targetHints":{"allow":["GET"]}}],"collection":[{"href":"https:\/\/www.positivosmais.com\/es\/wp-json\/wp\/v2\/pages"}],"about":[{"href":"https:\/\/www.positivosmais.com\/es\/wp-json\/wp\/v2\/types\/page"}],"author":[{"embeddable":true,"href":"https:\/\/www.positivosmais.com\/es\/wp-json\/wp\/v2\/users\/1"}],"replies":[{"embeddable":true,"href":"https:\/\/www.positivosmais.com\/es\/wp-json\/wp\/v2\/comments?post=2912"}],"version-history":[{"count":1,"href":"https:\/\/www.positivosmais.com\/es\/wp-json\/wp\/v2\/pages\/2912\/revisions"}],"predecessor-version":[{"id":2913,"href":"https:\/\/www.positivosmais.com\/es\/wp-json\/wp\/v2\/pages\/2912\/revisions\/2913"}],"wp:attachment":[{"href":"https:\/\/www.positivosmais.com\/es\/wp-json\/wp\/v2\/media?parent=2912"}],"curies":[{"name":"wp","href":"https:\/\/api.w.org\/{rel}","templated":true}]}}