{"id":2903,"date":"2024-12-03T16:30:58","date_gmt":"2024-12-03T19:30:58","guid":{"rendered":"https:\/\/www.positivosmais.com\/hable-con-un-especialista\/"},"modified":"2026-03-04T15:42:22","modified_gmt":"2026-03-04T18:42:22","slug":"hable-con-un-especialista","status":"publish","type":"page","link":"https:\/\/www.positivosmais.com\/es\/hable-con-un-especialista\/","title":{"rendered":"Hable con un especialista"},"content":{"rendered":"\t\t<div data-elementor-type=\"wp-page\" data-elementor-id=\"2903\" class=\"elementor elementor-2903 elementor-877\" data-elementor-post-type=\"page\">\n\t\t\t\t<div class=\"elementor-element elementor-element-e68d7fe e-flex e-con-boxed e-con e-parent\" data-id=\"e68d7fe\" data-element_type=\"container\" data-e-type=\"container\" data-settings=\"{&quot;jet_parallax_layout_list&quot;:[]}\">\n\t\t\t\t\t<div class=\"e-con-inner\">\n\t\t<div class=\"elementor-element elementor-element-9b32365 e-con-full e-flex e-con e-child\" data-id=\"9b32365\" data-element_type=\"container\" data-e-type=\"container\" data-settings=\"{&quot;jet_parallax_layout_list&quot;:[]}\">\n\t\t\t\t<div class=\"elementor-element elementor-element-4d69adf elementor-widget elementor-widget-heading\" data-id=\"4d69adf\" data-element_type=\"widget\" data-e-type=\"widget\" data-widget_type=\"heading.default\">\n\t\t\t\t<div class=\"elementor-widget-container\">\n\t\t\t\t\t<h1 class=\"elementor-heading-title elementor-size-default\">HABLE CON UN ESPECIALISTA<\/h1>\t\t\t\t<\/div>\n\t\t\t\t<\/div>\n\t\t\t\t<div class=\"elementor-element elementor-element-35d36f9 elementor-widget__width-initial elementor-widget elementor-widget-text-editor\" data-id=\"35d36f9\" data-element_type=\"widget\" data-e-type=\"widget\" data-widget_type=\"text-editor.default\">\n\t\t\t\t<div class=\"elementor-widget-container\">\n\t\t\t\t\t\t\t\t\t<p>Soluciones innovadoras, soporte ininterrumpido y total enfoque en sus resultados.<br>\u00bfEst\u00e1 buscando una soluci\u00f3n de TI que combine eficiencia operativa, m\u00e1xima seguridad y una relaci\u00f3n cercana con el cliente?<\/p>\n<p>En <strong>Positivo S+<\/strong>, resolvemos de manera integral, entregando excelencia todos los d\u00edas para transformar su operaci\u00f3n.<br>Hable ahora con nuestros especialistas y descubra c\u00f3mo nuestras soluciones innovadoras pueden impulsar su negocio con eficiencia y confianza.<\/p><p><br><\/p><p style=\"font-size: 16px;\"><span style=\"font-weight: bolder;\">Estamos presentes en Brasil y en toda Am\u00e9rica Latina:<\/span><\/p><p style=\"font-size: 16px;\"><span style=\"font-weight: bolder;\">Oficinas en Am\u00e9rica Latina<\/span><\/p><ul style=\"font-size: 16px; background-color: rgb(255, 255, 255);\"><li aria-level=\"1\" style=\"font-size: 16px;\"><span data-teams=\"true\"><span style=\"font-weight: bolder;\">Buenos Aires, Argentina<\/span>: CERRITO 1070 Piso:8 1010-CIUDAD AUTONOMA BUENOS AIRES \u2013 ARGENTINA<\/span><\/li><li aria-level=\"1\" style=\"font-size: 16px;\"><span data-teams=\"true\"><span style=\"font-weight: bolder;\">Envigado, Colombia<\/span>: CALLLE 49 SUR N\u00b0 45 A 300 EDIFICIO S 48 OFICINA 2208 \u2013 Envigado \u2013 Antioquia \u2013 Colombia<\/span><\/li><li aria-level=\"1\" style=\"font-size: 16px;\"><span data-teams=\"true\"><span style=\"font-weight: bolder;\">Guadalajara, M\u00e9xico<\/span>: AVENIDA MIGUEL HIDALGO Y COSTILLA \u2013 N\u00famero Exterior: 1114 \u2013 GUADALAJARA CENTRO \u2013 GUADALAJARA \u2013 JALISCO \/ Entre CALLE GREGORIO DAVILA Y CALLE INDEPENDENCIA \/ C\u00f3digo Postal:44100<\/span><\/li><\/ul>\n<p><br><\/p>\n<p><br><\/p>\t\t\t\t\t\t\t\t<\/div>\n\t\t\t\t<\/div>\n\t\t\t\t<\/div>\n\t\t<div class=\"elementor-element elementor-element-5153b25 e-con-full e-flex e-con e-child\" data-id=\"5153b25\" data-element_type=\"container\" data-e-type=\"container\" data-settings=\"{&quot;background_background&quot;:&quot;classic&quot;,&quot;jet_parallax_layout_list&quot;:[]}\">\n\t\t\t\t<div class=\"elementor-element elementor-element-570d1dd elementor-widget elementor-widget-heading\" data-id=\"570d1dd\" data-element_type=\"widget\" data-e-type=\"widget\" data-widget_type=\"heading.default\">\n\t\t\t\t<div class=\"elementor-widget-container\">\n\t\t\t\t\t<h3 class=\"elementor-heading-title elementor-size-default\">\u00bfSobre qu\u00e9 soluci\u00f3n para su negocio le gustar\u00eda conversar?<\/h3>\t\t\t\t<\/div>\n\t\t\t\t<\/div>\n\t\t\t\t<div class=\"elementor-element elementor-element-91547aa elementor-widget elementor-widget-html\" data-id=\"91547aa\" data-element_type=\"widget\" data-e-type=\"widget\" data-widget_type=\"html.default\">\n\t\t\t\t<div class=\"elementor-widget-container\">\n\t\t\t\t\t<div role=\"main\" id=\"fale-com-um-especialista-positivo-s-es-3c22a78f843cc6e5e80d\"><\/div><script type=\"text\/javascript\" src=\"https:\/\/d335luupugsy2.cloudfront.net\/js\/rdstation-forms\/stable\/rdstation-forms.min.js\"><\/script><script type=\"text\/javascript\"> new RDStationForms('fale-com-um-especialista-positivo-s-es-3c22a78f843cc6e5e80d', 'UA-49275287-3').createForm();<\/script>\n\n\n<style>\n    .bricks-form__label a{\n        color: #B33D9E;\n        text-decoration: underline;\n    }\n    \n<\/style>\n<script>\n    jQuery(document).ready(function(){\n    setTimeout(() => {\n        jQuery('.bricks-form__label').html(function(i, html) {\n            \n  return html.replace('Pol\u00edtica de privacidad', '<a href=\"https:\/\/www.positivosmais.com\/es\/politica-de-privacidad\/\" target=\"_blank\">Pol\u00edtica de privacidad<\/a>');\n            \n});\n}, \"2000\");\n    });\n<\/script>\t\t\t\t<\/div>\n\t\t\t\t<\/div>\n\t\t\t\t<\/div>\n\t\t\t\t\t<\/div>\n\t\t\t\t<\/div>\n\t\t<div class=\"elementor-element elementor-element-ffc99c4 e-flex e-con-boxed e-con e-parent\" data-id=\"ffc99c4\" data-element_type=\"container\" data-e-type=\"container\" data-settings=\"{&quot;jet_parallax_layout_list&quot;:[]}\">\n\t\t\t\t\t<div class=\"e-con-inner\">\n\t\t\t\t<div class=\"elementor-element elementor-element-72151d6 elementor-widget elementor-widget-heading\" data-id=\"72151d6\" data-element_type=\"widget\" data-e-type=\"widget\" data-widget_type=\"heading.default\">\n\t\t\t\t<div class=\"elementor-widget-container\">\n\t\t\t\t\t<h2 class=\"elementor-heading-title elementor-size-default\">Conozca nuestros servicios y vea c\u00f3mo los hacemos posible<\/h2>\t\t\t\t<\/div>\n\t\t\t\t<\/div>\n\t\t<div class=\"elementor-element elementor-element-292dddc e-con-full e-flex e-con e-child\" data-id=\"292dddc\" data-element_type=\"container\" data-e-type=\"container\" data-settings=\"{&quot;jet_parallax_layout_list&quot;:[]}\">\n\t\t<div class=\"elementor-element elementor-element-146aeeb e-con-full e-flex e-con e-child\" data-id=\"146aeeb\" data-element_type=\"container\" data-e-type=\"container\" data-settings=\"{&quot;jet_parallax_layout_list&quot;:[]}\">\n\t\t<div class=\"elementor-element elementor-element-37158a1 e-con-full e-flex e-con e-child\" data-id=\"37158a1\" data-element_type=\"container\" data-e-type=\"container\" data-settings=\"{&quot;background_background&quot;:&quot;gradient&quot;,&quot;jet_parallax_layout_list&quot;:[]}\">\n\t\t\t\t<div class=\"elementor-element elementor-element-908aab6 elementor-widget elementor-widget-image\" data-id=\"908aab6\" data-element_type=\"widget\" data-e-type=\"widget\" data-widget_type=\"image.default\">\n\t\t\t\t<div class=\"elementor-widget-container\">\n\t\t\t\t\t\t\t\t\t\t\t\t\t\t\t<img fetchpriority=\"high\" decoding=\"async\" width=\"461\" height=\"340\" src=\"https:\/\/www.positivosmais.com\/wp-content\/uploads\/2024\/11\/ciber-02.png\" class=\"attachment-large size-large wp-image-2737\" alt=\"\" srcset=\"https:\/\/www.positivosmais.com\/wp-content\/uploads\/2024\/11\/ciber-02.png 461w, https:\/\/www.positivosmais.com\/wp-content\/uploads\/2024\/11\/ciber-02-300x221.png 300w\" sizes=\"(max-width: 461px) 100vw, 461px\" \/>\t\t\t\t\t\t\t\t\t\t\t\t\t\t\t<\/div>\n\t\t\t\t<\/div>\n\t\t\t\t<div class=\"elementor-element elementor-element-9c7e787 elementor-align-right elementor-widget elementor-widget-button\" data-id=\"9c7e787\" data-element_type=\"widget\" data-e-type=\"widget\" data-widget_type=\"button.default\">\n\t\t\t\t<div class=\"elementor-widget-container\">\n\t\t\t\t\t\t\t\t\t<div class=\"elementor-button-wrapper\">\n\t\t\t\t\t<a class=\"elementor-button elementor-button-link elementor-size-sm elementor-animation-grow\" href=\"https:\/\/www.positivosmais.com\/es\/ciberseguridad\/\">\n\t\t\t\t\t\t<span class=\"elementor-button-content-wrapper\">\n\t\t\t\t\t\t<span class=\"elementor-button-icon\">\n\t\t\t\t<svg xmlns=\"http:\/\/www.w3.org\/2000\/svg\" xmlns:xlink=\"http:\/\/www.w3.org\/1999\/xlink\" width=\"64\" height=\"64\" viewBox=\"0 0 64 64\"><image id=\"Objeto_Inteligente_de_Vetor\" data-name=\"Objeto Inteligente de Vetor\" width=\"64\" height=\"64\" xlink:href=\"data:img\/png;base64,iVBORw0KGgoAAAANSUhEUgAAAEAAAABACAYAAACqaXHeAAAGUklEQVR4nOWbW6gVVRjHf27vl1IpKxXtQpSpK6RSrAfRUxGWnCQqK4d6KqOXjApnsitRs6iHiiiLLvQwUIQkZT2YXUzMqNQuYxwL0ZTKY0qZt7S04tt9sxnP2vt4zj77zL79YZi9Z625\/P\/r\/q3v60OF4MfeeGAiMF6P04FRwAhguJ4HA4OAgSXeehg4pMee1LEb+BHYrudN1kTbnbvLQFkC+LGXAy4C5gDTgAuBk1NZdgLbgHYl8UeKzD+aZz9wRH\/3BU7Q331UrPRxKnCGnhOIKOuBz4F3gXXWRP86H3scdEsAP\/YuAG4D5urHCIlPgQ3AV8C3UkLWRIedmysAP\/YGqhDnq+hyTAeGATuAZcBL1kRfV1QAP\/aklB8DLgN2AW8Ay4HVvUW2q1BRZgKtwDzgJGAFcJ810YbjPaZTAfzYGwo8AdwB\/AA8DrxuTfSXk7kGoGLcBCwGzgKeAxZZEx0s9XUlBfBjT6raO8A5wIPAU9ZEfzsZa1OIAcA9wENAm\/RV1kQ\/ORlLCeDHnqi3Wv+2dqUq1SL82JOO+m3teGdYE209rgB+7MmQ9YUOV3LTtnokn8CPvbOBVcA+GbGsifal03POHbAEGAtcWe\/kBdZEm4WLzk2WdEw\/RgA\/9mYDNwILrYm+c55Wp7AmkuH5bmC+H3tXFBXAjz1pDlar\/yuNQj6FF4EvhaNyzSNdA2brBOOBcmZUtQ7lJKPCFKBQC9ICLACkl1zZaORTWKEcb08u5QXQnl9qwMuNWPoJrIlkOHxVuCrnQg2YBfTXuXSjYykwQDkXBJA5\/s\/WRG2Nzt6aaJNwVc4FAWQx8aGTu3HxQaEG6Lx5gq6tmwUytT9XuOeUvBgkNjaRABuV8wQRYJJejJ1sjYuE6+Sc2u4OWhPtahb2yvWArA9EgDFA0bVyg0NGgjEiwGjgl2pzDYKgTxAEfZ2E3oNwHi0CnKYGxaohCIIhOgy3B0FgMvoO4ZwXQMzRe53kjKClvkzHZTGtf5SRCGKqH5ZT2\/s+JzkjhGF4FFibeltWIohJf0RObepVE4D\/RXhEKkPqUhYiCOd8DRhSzSaQIAxDm7EIwnloTvfragJVEGFQshiqGXt\/hiLkN3f66Z8DTnIZCIJAOtSnK\/SBu1MbrokILWEYVmrKnt8t6udc7hmkP7mlws9MkIgwLgzDQ05qmSi2L9BUqHQNkKb0jHO1PMzv4HMgTaKlkqUvSAQ40UkpA2EYyuxqYU+fEwSBLUG+kkt2mf8UmkDNNAUlvyh1qTfIkxR+TqeEziZpNZAh+QQHczocDHeSMkYVyMuQfSCpARXpA8pFFcijq+D9uWRR4CRnBF0OT8mYPMp5rwjwWzWbgC6HrwE+zpA8ynmPCPCrOkRUDWEYSj90qVinMiKP2kLb+6lBdJqTnDHCMJRN2aMZvlUEWJdTb84xTnLjQ2p9uwiwRXx31de3KeDH3lh1AtsiAiS+QJOaqPQn6rlNBNisXtqTnWyNC6NGoO9z1kRHdbNwahMJIJ3+RmuiI8kiSMbgFnWDb2ioh1iLOk8WVoHvq5f1lEYXQJv6qMQhJBFgjRozrneyNx7maURKvgYUlsF+7EXqNzOuXrzCuws\/9vpqJMsaa6Ib5PZ0m39eo0Dm1gWb8tCqE6AXkruPMYT4sfcJcIoME9JD1genrkFLX3yD\/rQmmp7c1LHX98V5CLi3Bjn0FHeqK\/Ax3BxTmB97z6rb7ExrorWVens14cfeVO3oX7MmWpD+lGLjvij0jURa+LGXlbNCr0E5LNcp\/10d3+MIYE10SOMBxU6wyo+9WXVMfobsJqnZb06x4CmnCaRulsnCW8AlGjn2aLEH1CL82JMd7\/vVzrhORjZrovZin1pSABWhv\/rYL9Jo0FDbUUU2UysNP\/Zkb\/JmiRlUG8eTwMOdxTZ2KkBKiPM0ZvBqrU5vartaWe1aoaV9uY7x16qtTyLFFncl7Ke7obMSQ3grcJ06WEp\/8Zn6Ga9XD8ytvSWKlvCZupxNh84O1sDqpRo6u8m5uQTK3hHyY0\/G1KuAi\/VD0ma13Trl3NEhCnxPyu7XWfD0yFTg9MhU8PSo1Dt2avuWAnivO\/HCaVQyfF78DWWlJaY1+Vg5y6wyHQUuJSjhrWKOKoZ0+PzvKdHEtVXC5kVUOdqsicTTs2cA\/gMAsfRxynVwnwAAAABJRU5ErkJggg==\"><\/image><\/svg>\t\t\t<\/span>\n\t\t\t\t\t\t\t\t<\/span>\n\t\t\t\t\t<\/a>\n\t\t\t\t<\/div>\n\t\t\t\t\t\t\t\t<\/div>\n\t\t\t\t<\/div>\n\t\t\t\t<div class=\"elementor-element elementor-element-cdf5dd8 elementor-widget elementor-widget-heading\" data-id=\"cdf5dd8\" data-element_type=\"widget\" data-e-type=\"widget\" data-widget_type=\"heading.default\">\n\t\t\t\t<div class=\"elementor-widget-container\">\n\t\t\t\t\t<h4 class=\"elementor-heading-title elementor-size-default\">Ciberseguridad<\/h4>\t\t\t\t<\/div>\n\t\t\t\t<\/div>\n\t\t\t\t<div class=\"elementor-element elementor-element-774cf44 elementor-widget elementor-widget-text-editor\" data-id=\"774cf44\" data-element_type=\"widget\" data-e-type=\"widget\" data-widget_type=\"text-editor.default\">\n\t\t\t\t<div class=\"elementor-widget-container\">\n\t\t\t\t\t\t\t\t\t<p>Gesti\u00f3n integral de la protecci\u00f3n de los activos tecnol\u00f3gicos contra cibercr\u00edmenes.<\/p>\n\t\t\t\t\t\t\t\t<\/div>\n\t\t\t\t<\/div>\n\t\t\t\t<\/div>\n\t\t<div class=\"elementor-element elementor-element-a575b83 e-con-full e-flex e-con e-child\" data-id=\"a575b83\" data-element_type=\"container\" data-e-type=\"container\" data-settings=\"{&quot;background_background&quot;:&quot;gradient&quot;,&quot;jet_parallax_layout_list&quot;:[]}\">\n\t\t\t\t<div class=\"elementor-element elementor-element-f6fcb64 elementor-widget elementor-widget-image\" data-id=\"f6fcb64\" data-element_type=\"widget\" data-e-type=\"widget\" data-widget_type=\"image.default\">\n\t\t\t\t<div class=\"elementor-widget-container\">\n\t\t\t\t\t\t\t\t\t\t\t\t\t\t\t<img decoding=\"async\" width=\"461\" height=\"340\" src=\"https:\/\/www.positivosmais.com\/wp-content\/uploads\/2024\/11\/it-n-02.png\" class=\"attachment-large size-large wp-image-2753\" alt=\"\" srcset=\"https:\/\/www.positivosmais.com\/wp-content\/uploads\/2024\/11\/it-n-02.png 461w, https:\/\/www.positivosmais.com\/wp-content\/uploads\/2024\/11\/it-n-02-300x221.png 300w\" sizes=\"(max-width: 461px) 100vw, 461px\" \/>\t\t\t\t\t\t\t\t\t\t\t\t\t\t\t<\/div>\n\t\t\t\t<\/div>\n\t\t\t\t<div class=\"elementor-element elementor-element-c8d3cd3 elementor-align-right elementor-widget elementor-widget-button\" data-id=\"c8d3cd3\" data-element_type=\"widget\" data-e-type=\"widget\" data-widget_type=\"button.default\">\n\t\t\t\t<div class=\"elementor-widget-container\">\n\t\t\t\t\t\t\t\t\t<div class=\"elementor-button-wrapper\">\n\t\t\t\t\t<a class=\"elementor-button elementor-button-link elementor-size-sm elementor-animation-grow\" href=\"https:\/\/www.positivosmais.com\/es\/infrastructure-cloud-services\/\">\n\t\t\t\t\t\t<span class=\"elementor-button-content-wrapper\">\n\t\t\t\t\t\t<span class=\"elementor-button-icon\">\n\t\t\t\t<svg xmlns=\"http:\/\/www.w3.org\/2000\/svg\" xmlns:xlink=\"http:\/\/www.w3.org\/1999\/xlink\" width=\"64\" height=\"64\" viewBox=\"0 0 64 64\"><image id=\"Objeto_Inteligente_de_Vetor\" data-name=\"Objeto Inteligente de Vetor\" width=\"64\" height=\"64\" xlink:href=\"data:img\/png;base64,iVBORw0KGgoAAAANSUhEUgAAAEAAAABACAYAAACqaXHeAAAGUklEQVR4nOWbW6gVVRjHf27vl1IpKxXtQpSpK6RSrAfRUxGWnCQqK4d6KqOXjApnsitRs6iHiiiLLvQwUIQkZT2YXUzMqNQuYxwL0ZTKY0qZt7S04tt9sxnP2vt4zj77zL79YZi9Z625\/P\/r\/q3v60OF4MfeeGAiMF6P04FRwAhguJ4HA4OAgSXeehg4pMee1LEb+BHYrudN1kTbnbvLQFkC+LGXAy4C5gDTgAuBk1NZdgLbgHYl8UeKzD+aZz9wRH\/3BU7Q331UrPRxKnCGnhOIKOuBz4F3gXXWRP86H3scdEsAP\/YuAG4D5urHCIlPgQ3AV8C3UkLWRIedmysAP\/YGqhDnq+hyTAeGATuAZcBL1kRfV1QAP\/aklB8DLgN2AW8Ay4HVvUW2q1BRZgKtwDzgJGAFcJ810YbjPaZTAfzYGwo8AdwB\/AA8DrxuTfSXk7kGoGLcBCwGzgKeAxZZEx0s9XUlBfBjT6raO8A5wIPAU9ZEfzsZa1OIAcA9wENAm\/RV1kQ\/ORlLCeDHnqi3Wv+2dqUq1SL82JOO+m3teGdYE209rgB+7MmQ9YUOV3LTtnokn8CPvbOBVcA+GbGsifal03POHbAEGAtcWe\/kBdZEm4WLzk2WdEw\/RgA\/9mYDNwILrYm+c55Wp7AmkuH5bmC+H3tXFBXAjz1pDlar\/yuNQj6FF4EvhaNyzSNdA2brBOOBcmZUtQ7lJKPCFKBQC9ICLACkl1zZaORTWKEcb08u5QXQnl9qwMuNWPoJrIlkOHxVuCrnQg2YBfTXuXSjYykwQDkXBJA5\/s\/WRG2Nzt6aaJNwVc4FAWQx8aGTu3HxQaEG6Lx5gq6tmwUytT9XuOeUvBgkNjaRABuV8wQRYJJejJ1sjYuE6+Sc2u4OWhPtahb2yvWArA9EgDFA0bVyg0NGgjEiwGjgl2pzDYKgTxAEfZ2E3oNwHi0CnKYGxaohCIIhOgy3B0FgMvoO4ZwXQMzRe53kjKClvkzHZTGtf5SRCGKqH5ZT2\/s+JzkjhGF4FFibeltWIohJf0RObepVE4D\/RXhEKkPqUhYiCOd8DRhSzSaQIAxDm7EIwnloTvfragJVEGFQshiqGXt\/hiLkN3f66Z8DTnIZCIJAOtSnK\/SBu1MbrokILWEYVmrKnt8t6udc7hmkP7mlws9MkIgwLgzDQ05qmSi2L9BUqHQNkKb0jHO1PMzv4HMgTaKlkqUvSAQ40UkpA2EYyuxqYU+fEwSBLUG+kkt2mf8UmkDNNAUlvyh1qTfIkxR+TqeEziZpNZAh+QQHczocDHeSMkYVyMuQfSCpARXpA8pFFcijq+D9uWRR4CRnBF0OT8mYPMp5rwjwWzWbgC6HrwE+zpA8ynmPCPCrOkRUDWEYSj90qVinMiKP2kLb+6lBdJqTnDHCMJRN2aMZvlUEWJdTb84xTnLjQ2p9uwiwRXx31de3KeDH3lh1AtsiAiS+QJOaqPQn6rlNBNisXtqTnWyNC6NGoO9z1kRHdbNwahMJIJ3+RmuiI8kiSMbgFnWDb2ioh1iLOk8WVoHvq5f1lEYXQJv6qMQhJBFgjRozrneyNx7maURKvgYUlsF+7EXqNzOuXrzCuws\/9vpqJMsaa6Ib5PZ0m39eo0Dm1gWb8tCqE6AXkruPMYT4sfcJcIoME9JD1genrkFLX3yD\/rQmmp7c1LHX98V5CLi3Bjn0FHeqK\/Ax3BxTmB97z6rb7ExrorWVens14cfeVO3oX7MmWpD+lGLjvij0jURa+LGXlbNCr0E5LNcp\/10d3+MIYE10SOMBxU6wyo+9WXVMfobsJqnZb06x4CmnCaRulsnCW8AlGjn2aLEH1CL82JMd7\/vVzrhORjZrovZin1pSABWhv\/rYL9Jo0FDbUUU2UysNP\/Zkb\/JmiRlUG8eTwMOdxTZ2KkBKiPM0ZvBqrU5vartaWe1aoaV9uY7x16qtTyLFFncl7Ke7obMSQ3grcJ06WEp\/8Zn6Ga9XD8ytvSWKlvCZupxNh84O1sDqpRo6u8m5uQTK3hHyY0\/G1KuAi\/VD0ma13Trl3NEhCnxPyu7XWfD0yFTg9MhU8PSo1Dt2avuWAnivO\/HCaVQyfF78DWWlJaY1+Vg5y6wyHQUuJSjhrWKOKoZ0+PzvKdHEtVXC5kVUOdqsicTTs2cA\/gMAsfRxynVwnwAAAABJRU5ErkJggg==\"><\/image><\/svg>\t\t\t<\/span>\n\t\t\t\t\t\t\t\t<\/span>\n\t\t\t\t\t<\/a>\n\t\t\t\t<\/div>\n\t\t\t\t\t\t\t\t<\/div>\n\t\t\t\t<\/div>\n\t\t\t\t<div class=\"elementor-element elementor-element-4cf1b2e elementor-widget elementor-widget-heading\" data-id=\"4cf1b2e\" data-element_type=\"widget\" data-e-type=\"widget\" data-widget_type=\"heading.default\">\n\t\t\t\t<div class=\"elementor-widget-container\">\n\t\t\t\t\t<h4 class=\"elementor-heading-title elementor-size-default\">Servicios de Infraestructura de TI<\/h4>\t\t\t\t<\/div>\n\t\t\t\t<\/div>\n\t\t\t\t<div class=\"elementor-element elementor-element-64f403c elementor-widget elementor-widget-text-editor\" data-id=\"64f403c\" data-element_type=\"widget\" data-e-type=\"widget\" data-widget_type=\"text-editor.default\">\n\t\t\t\t<div class=\"elementor-widget-container\">\n\t\t\t\t\t\t\t\t\t<p>Observabilidad y automatizaci\u00f3n 24\u00d77 con soporte especializado para su entorno tecnol\u00f3gico.<\/p>\n\t\t\t\t\t\t\t\t<\/div>\n\t\t\t\t<\/div>\n\t\t\t\t<\/div>\n\t\t<div class=\"elementor-element elementor-element-23e8021 e-con-full e-flex e-con e-child\" data-id=\"23e8021\" data-element_type=\"container\" data-e-type=\"container\" data-settings=\"{&quot;background_background&quot;:&quot;gradient&quot;,&quot;jet_parallax_layout_list&quot;:[]}\">\n\t\t\t\t<div class=\"elementor-element elementor-element-c1fd2f0 elementor-widget elementor-widget-image\" data-id=\"c1fd2f0\" data-element_type=\"widget\" data-e-type=\"widget\" data-widget_type=\"image.default\">\n\t\t\t\t<div class=\"elementor-widget-container\">\n\t\t\t\t\t\t\t\t\t\t\t\t\t\t\t<img decoding=\"async\" width=\"461\" height=\"340\" src=\"https:\/\/www.positivosmais.com\/wp-content\/uploads\/2024\/11\/digi-01.png\" class=\"attachment-large size-large wp-image-2739\" alt=\"\" srcset=\"https:\/\/www.positivosmais.com\/wp-content\/uploads\/2024\/11\/digi-01.png 461w, https:\/\/www.positivosmais.com\/wp-content\/uploads\/2024\/11\/digi-01-300x221.png 300w\" sizes=\"(max-width: 461px) 100vw, 461px\" \/>\t\t\t\t\t\t\t\t\t\t\t\t\t\t\t<\/div>\n\t\t\t\t<\/div>\n\t\t\t\t<div class=\"elementor-element elementor-element-21111b8 elementor-align-right elementor-widget elementor-widget-button\" data-id=\"21111b8\" data-element_type=\"widget\" data-e-type=\"widget\" data-widget_type=\"button.default\">\n\t\t\t\t<div class=\"elementor-widget-container\">\n\t\t\t\t\t\t\t\t\t<div class=\"elementor-button-wrapper\">\n\t\t\t\t\t<a class=\"elementor-button elementor-button-link elementor-size-sm elementor-animation-grow\" href=\"https:\/\/www.positivosmais.com\/es\/digital-workplace-bkp\/\">\n\t\t\t\t\t\t<span class=\"elementor-button-content-wrapper\">\n\t\t\t\t\t\t<span class=\"elementor-button-icon\">\n\t\t\t\t<svg xmlns=\"http:\/\/www.w3.org\/2000\/svg\" xmlns:xlink=\"http:\/\/www.w3.org\/1999\/xlink\" width=\"64\" height=\"64\" viewBox=\"0 0 64 64\"><image id=\"Objeto_Inteligente_de_Vetor\" data-name=\"Objeto Inteligente de Vetor\" width=\"64\" height=\"64\" xlink:href=\"data:img\/png;base64,iVBORw0KGgoAAAANSUhEUgAAAEAAAABACAYAAACqaXHeAAAGUklEQVR4nOWbW6gVVRjHf27vl1IpKxXtQpSpK6RSrAfRUxGWnCQqK4d6KqOXjApnsitRs6iHiiiLLvQwUIQkZT2YXUzMqNQuYxwL0ZTKY0qZt7S04tt9sxnP2vt4zj77zL79YZi9Z625\/P\/r\/q3v60OF4MfeeGAiMF6P04FRwAhguJ4HA4OAgSXeehg4pMee1LEb+BHYrudN1kTbnbvLQFkC+LGXAy4C5gDTgAuBk1NZdgLbgHYl8UeKzD+aZz9wRH\/3BU7Q331UrPRxKnCGnhOIKOuBz4F3gXXWRP86H3scdEsAP\/YuAG4D5urHCIlPgQ3AV8C3UkLWRIedmysAP\/YGqhDnq+hyTAeGATuAZcBL1kRfV1QAP\/aklB8DLgN2AW8Ay4HVvUW2q1BRZgKtwDzgJGAFcJ810YbjPaZTAfzYGwo8AdwB\/AA8DrxuTfSXk7kGoGLcBCwGzgKeAxZZEx0s9XUlBfBjT6raO8A5wIPAU9ZEfzsZa1OIAcA9wENAm\/RV1kQ\/ORlLCeDHnqi3Wv+2dqUq1SL82JOO+m3teGdYE209rgB+7MmQ9YUOV3LTtnokn8CPvbOBVcA+GbGsifal03POHbAEGAtcWe\/kBdZEm4WLzk2WdEw\/RgA\/9mYDNwILrYm+c55Wp7AmkuH5bmC+H3tXFBXAjz1pDlar\/yuNQj6FF4EvhaNyzSNdA2brBOOBcmZUtQ7lJKPCFKBQC9ICLACkl1zZaORTWKEcb08u5QXQnl9qwMuNWPoJrIlkOHxVuCrnQg2YBfTXuXSjYykwQDkXBJA5\/s\/WRG2Nzt6aaJNwVc4FAWQx8aGTu3HxQaEG6Lx5gq6tmwUytT9XuOeUvBgkNjaRABuV8wQRYJJejJ1sjYuE6+Sc2u4OWhPtahb2yvWArA9EgDFA0bVyg0NGgjEiwGjgl2pzDYKgTxAEfZ2E3oNwHi0CnKYGxaohCIIhOgy3B0FgMvoO4ZwXQMzRe53kjKClvkzHZTGtf5SRCGKqH5ZT2\/s+JzkjhGF4FFibeltWIohJf0RObepVE4D\/RXhEKkPqUhYiCOd8DRhSzSaQIAxDm7EIwnloTvfragJVEGFQshiqGXt\/hiLkN3f66Z8DTnIZCIJAOtSnK\/SBu1MbrokILWEYVmrKnt8t6udc7hmkP7mlws9MkIgwLgzDQ05qmSi2L9BUqHQNkKb0jHO1PMzv4HMgTaKlkqUvSAQ40UkpA2EYyuxqYU+fEwSBLUG+kkt2mf8UmkDNNAUlvyh1qTfIkxR+TqeEziZpNZAh+QQHczocDHeSMkYVyMuQfSCpARXpA8pFFcijq+D9uWRR4CRnBF0OT8mYPMp5rwjwWzWbgC6HrwE+zpA8ynmPCPCrOkRUDWEYSj90qVinMiKP2kLb+6lBdJqTnDHCMJRN2aMZvlUEWJdTb84xTnLjQ2p9uwiwRXx31de3KeDH3lh1AtsiAiS+QJOaqPQn6rlNBNisXtqTnWyNC6NGoO9z1kRHdbNwahMJIJ3+RmuiI8kiSMbgFnWDb2ioh1iLOk8WVoHvq5f1lEYXQJv6qMQhJBFgjRozrneyNx7maURKvgYUlsF+7EXqNzOuXrzCuws\/9vpqJMsaa6Ib5PZ0m39eo0Dm1gWb8tCqE6AXkruPMYT4sfcJcIoME9JD1genrkFLX3yD\/rQmmp7c1LHX98V5CLi3Bjn0FHeqK\/Ax3BxTmB97z6rb7ExrorWVens14cfeVO3oX7MmWpD+lGLjvij0jURa+LGXlbNCr0E5LNcp\/10d3+MIYE10SOMBxU6wyo+9WXVMfobsJqnZb06x4CmnCaRulsnCW8AlGjn2aLEH1CL82JMd7\/vVzrhORjZrovZin1pSABWhv\/rYL9Jo0FDbUUU2UysNP\/Zkb\/JmiRlUG8eTwMOdxTZ2KkBKiPM0ZvBqrU5vartaWe1aoaV9uY7x16qtTyLFFncl7Ke7obMSQ3grcJ06WEp\/8Zn6Ga9XD8ytvSWKlvCZupxNh84O1sDqpRo6u8m5uQTK3hHyY0\/G1KuAi\/VD0ma13Trl3NEhCnxPyu7XWfD0yFTg9MhU8PSo1Dt2avuWAnivO\/HCaVQyfF78DWWlJaY1+Vg5y6wyHQUuJSjhrWKOKoZ0+PzvKdHEtVXC5kVUOdqsicTTs2cA\/gMAsfRxynVwnwAAAABJRU5ErkJggg==\"><\/image><\/svg>\t\t\t<\/span>\n\t\t\t\t\t\t\t\t<\/span>\n\t\t\t\t\t<\/a>\n\t\t\t\t<\/div>\n\t\t\t\t\t\t\t\t<\/div>\n\t\t\t\t<\/div>\n\t\t\t\t<div class=\"elementor-element elementor-element-ea00d01 elementor-widget elementor-widget-heading\" data-id=\"ea00d01\" data-element_type=\"widget\" data-e-type=\"widget\" data-widget_type=\"heading.default\">\n\t\t\t\t<div class=\"elementor-widget-container\">\n\t\t\t\t\t<h4 class=\"elementor-heading-title elementor-size-default\">Digital Workplace<\/h4>\t\t\t\t<\/div>\n\t\t\t\t<\/div>\n\t\t\t\t<div class=\"elementor-element elementor-element-4905af0 elementor-widget elementor-widget-text-editor\" data-id=\"4905af0\" data-element_type=\"widget\" data-e-type=\"widget\" data-widget_type=\"text-editor.default\">\n\t\t\t\t<div class=\"elementor-widget-container\">\n\t\t\t\t\t\t\t\t\t<p>Conveniencia para el colaborador a trav\u00e9s de un soporte digital intuitivo y aut\u00f3nomo.<\/p>\n\t\t\t\t\t\t\t\t<\/div>\n\t\t\t\t<\/div>\n\t\t\t\t<\/div>\n\t\t\t\t<\/div>\n\t\t\t\t<\/div>\n\t\t\t\t\t<\/div>\n\t\t\t\t<\/div>\n\t\t<div class=\"elementor-element elementor-element-c238596 e-flex e-con-boxed e-con e-parent\" data-id=\"c238596\" data-element_type=\"container\" data-e-type=\"container\" data-settings=\"{&quot;jet_parallax_layout_list&quot;:[]}\">\n\t\t\t\t\t<div class=\"e-con-inner\">\n\t\t\t\t<div class=\"elementor-element elementor-element-dcd5ca0 elementor-widget elementor-widget-heading\" data-id=\"dcd5ca0\" data-element_type=\"widget\" data-e-type=\"widget\" data-widget_type=\"heading.default\">\n\t\t\t\t<div class=\"elementor-widget-container\">\n\t\t\t\t\t<h2 class=\"elementor-heading-title elementor-size-default\">Descubra las <strong>novedades<\/strong> del mundo Tech<\/h2>\t\t\t\t<\/div>\n\t\t\t\t<\/div>\n\t\t\t\t<div class=\"elementor-element elementor-element-befff54 elementor-widget elementor-widget-template\" data-id=\"befff54\" data-element_type=\"widget\" data-e-type=\"widget\" data-widget_type=\"template.default\">\n\t\t\t\t<div class=\"elementor-widget-container\">\n\t\t\t\t\t\t\t<div class=\"elementor-template\">\n\t\t\t\t\t<div data-elementor-type=\"section\" data-elementor-id=\"3108\" class=\"elementor elementor-3108 elementor-195 elementor-195\" data-elementor-post-type=\"elementor_library\">\n\t\t\t<div class=\"elementor-element elementor-element-f20b012 e-flex e-con-boxed e-con e-parent\" data-id=\"f20b012\" data-element_type=\"container\" data-e-type=\"container\" data-settings=\"{&quot;jet_parallax_layout_list&quot;:[]}\">\n\t\t\t\t\t<div class=\"e-con-inner\">\n\t\t\t\t<div class=\"elementor-element elementor-element-54ac9a9 elementor-widget elementor-widget-html\" data-id=\"54ac9a9\" data-element_type=\"widget\" data-e-type=\"widget\" data-widget_type=\"html.default\">\n\t\t\t\t<div class=\"elementor-widget-container\">\n\t\t\t\t\t<div role=\"main\" id=\"newsletter-positivo-s-es-d0d52549c4a015d927c3\"><\/div><script type=\"text\/javascript\" src=\"https:\/\/d335luupugsy2.cloudfront.net\/js\/rdstation-forms\/stable\/rdstation-forms.min.js\"><\/script><script type=\"text\/javascript\"> new RDStationForms('newsletter-positivo-s-es-d0d52549c4a015d927c3', 'UA-49275287-3').createForm();<\/script>\t\t\t\t<\/div>\n\t\t\t\t<\/div>\n\t\t\t\t\t<\/div>\n\t\t\t\t<\/div>\n\t\t\t\t<\/div>\n\t\t\t\t<\/div>\n\t\t\t\t\t\t<\/div>\n\t\t\t\t<\/div>\n\t\t\t\t\t<\/div>\n\t\t\t\t<\/div>\n\t\t\t\t<\/div>\n\t\t","protected":false},"excerpt":{"rendered":"<p>HABLE CON UN ESPECIALISTA Soluciones innovadoras, soporte ininterrumpido y total enfoque en sus resultados.\u00bfEst\u00e1 buscando una soluci\u00f3n de TI que combine eficiencia operativa, m\u00e1xima seguridad y una relaci\u00f3n cercana con el cliente? En Positivo S+, resolvemos de manera integral, entregando excelencia todos los d\u00edas para transformar su operaci\u00f3n.Hable ahora con nuestros especialistas y descubra c\u00f3mo [&hellip;]<\/p>\n","protected":false},"author":1,"featured_media":0,"parent":0,"menu_order":0,"comment_status":"closed","ping_status":"closed","template":"","meta":{"footnotes":""},"class_list":["post-2903","page","type-page","status-publish","hentry"],"_links":{"self":[{"href":"https:\/\/www.positivosmais.com\/es\/wp-json\/wp\/v2\/pages\/2903","targetHints":{"allow":["GET"]}}],"collection":[{"href":"https:\/\/www.positivosmais.com\/es\/wp-json\/wp\/v2\/pages"}],"about":[{"href":"https:\/\/www.positivosmais.com\/es\/wp-json\/wp\/v2\/types\/page"}],"author":[{"embeddable":true,"href":"https:\/\/www.positivosmais.com\/es\/wp-json\/wp\/v2\/users\/1"}],"replies":[{"embeddable":true,"href":"https:\/\/www.positivosmais.com\/es\/wp-json\/wp\/v2\/comments?post=2903"}],"version-history":[{"count":12,"href":"https:\/\/www.positivosmais.com\/es\/wp-json\/wp\/v2\/pages\/2903\/revisions"}],"predecessor-version":[{"id":6711,"href":"https:\/\/www.positivosmais.com\/es\/wp-json\/wp\/v2\/pages\/2903\/revisions\/6711"}],"wp:attachment":[{"href":"https:\/\/www.positivosmais.com\/es\/wp-json\/wp\/v2\/media?parent=2903"}],"curies":[{"name":"wp","href":"https:\/\/api.w.org\/{rel}","templated":true}]}}